{"id":1828,"date":"2021-08-26T10:29:11","date_gmt":"2021-08-26T10:29:11","guid":{"rendered":"https:\/\/lifeinfusion.eu\/cookies-i-politica-de-privacitat\/"},"modified":"2021-09-09T08:40:05","modified_gmt":"2021-09-09T08:40:05","slug":"cookies-i-politica-de-privacitat","status":"publish","type":"page","link":"https:\/\/lifeinfusion.eu\/ca\/cookies-i-politica-de-privacitat\/","title":{"rendered":"Cookies i pol\u00edtica de privacitat"},"content":{"rendered":"\n<style type=\"text\/css\" data-created_by=\"avia_inline_auto\" id=\"style-css-av-13qt5g-c846cc9a76cff8a52495051321bd6d85\">\n.avia-section.av-13qt5g-c846cc9a76cff8a52495051321bd6d85{\nbackground-color:#878787;\nbackground-image:url(https:\/\/lifeinfusion.eu\/wp-content\/uploads\/2021\/07\/BACK-copia.png);\nbackground-repeat:no-repeat;\nbackground-position:50% 50%;\nbackground-attachment:scroll;\n}\n.avia-section.av-13qt5g-c846cc9a76cff8a52495051321bd6d85 .av-extra-border-element .av-extra-border-inner{\nbackground-color:#878787;\n}\n<\/style>\n<div id='av_section_1'  class='avia-section av-13qt5g-c846cc9a76cff8a52495051321bd6d85 main_color avia-section-default avia-no-border-styling  avia-builder-el-0  el_before_av_textblock  avia-builder-el-first  avia-full-stretch avia-bg-style-scroll av-arrow-down-section av-minimum-height av-minimum-height-custom av-height-custom  container_wrap sidebar_right'  data-section-bg-repeat='stretch' data-av_minimum_height_px='430'><div class='container av-section-cont-open' style='height:430px'><main  role=\"main\" itemprop=\"mainContentOfPage\"  class='template-page content  av-content-small alpha units'><div class='post-entry post-entry-type-page post-entry-1828'><div class='entry-content-wrapper clearfix'>\n\n<style type=\"text\/css\" data-created_by=\"avia_inline_auto\" id=\"style-css-av-krbtimje-f6162dcbf65a6c0d9e5ec72c74676837\">\n#top .av-special-heading.av-krbtimje-f6162dcbf65a6c0d9e5ec72c74676837{\npadding-bottom:40px;\ncolor:#ffffff;\nfont-size:72px;\n}\nbody .av-special-heading.av-krbtimje-f6162dcbf65a6c0d9e5ec72c74676837 .av-special-heading-tag .heading-char{\nfont-size:25px;\n}\n#top #wrap_all .av-special-heading.av-krbtimje-f6162dcbf65a6c0d9e5ec72c74676837 .av-special-heading-tag{\nfont-size:72px;\n}\n.av-special-heading.av-krbtimje-f6162dcbf65a6c0d9e5ec72c74676837 .special-heading-inner-border{\nborder-color:#ffffff;\n}\n.av-special-heading.av-krbtimje-f6162dcbf65a6c0d9e5ec72c74676837 .av-subheading{\nfont-size:20px;\n}\n\n@media only screen and (min-width: 480px) and (max-width: 767px){ \n#top #wrap_all .av-special-heading.av-krbtimje-f6162dcbf65a6c0d9e5ec72c74676837 .av-special-heading-tag{\nfont-size:0.8em;\n}\n}\n\n@media only screen and (max-width: 479px){ \n#top #wrap_all .av-special-heading.av-krbtimje-f6162dcbf65a6c0d9e5ec72c74676837 .av-special-heading-tag{\nfont-size:0.8em;\n}\n}\n<\/style>\n<div  class='av-special-heading av-krbtimje-f6162dcbf65a6c0d9e5ec72c74676837 av-special-heading-h2 custom-color-heading blockquote modern-quote  avia-builder-el-1  avia-builder-el-no-sibling  av-inherit-size'><h2 class='av-special-heading-tag '  itemprop=\"headline\"  >COOKIES I POL\u00cdTICA DE PRIVACITAT<\/h2><div class=\"special-heading-border\"><div class=\"special-heading-inner-border\"><\/div><\/div><\/div>\n<\/div><\/div><\/main><!-- close content main element --><\/div><div class='av-extra-border-element border-extra-arrow-down'><div class='av-extra-border-outer'><div class='av-extra-border-inner'><\/div><\/div><\/div><\/div><div id='after_section_1'  class='main_color av_default_container_wrap container_wrap sidebar_right'  ><div class='container av-section-cont-open' ><div class='template-page content  av-content-small alpha units'><div class='post-entry post-entry-type-page post-entry-1828'><div class='entry-content-wrapper clearfix'>\n<section  class='av_textblock_section av-ksofqx3l-851de35c147ffb4b5cd22189c3eb82ad '   itemscope=\"itemscope\" itemtype=\"https:\/\/schema.org\/CreativeWork\" ><div class='avia_textblock'  itemprop=\"text\" ><p align=\"JUSTIFY\"><strong>COOKIES I POL\u00cdTICA DE PRIVACITAT<\/strong><\/p>\n<p align=\"JUSTIFY\"><span lang=\"ca-ES\"><a href=\"http:\/\/www.lifeinfusion.eu\">www.lifeinfusion.eu<\/a> utilitza <\/span><span lang=\"ca-ES\"><i>cookies<\/i><\/span><span lang=\"ca-ES\"> pr\u00f2pies i de tercers per permetre diferents funcionalitats, analitzar els nostres serveis i mostrar possibilitats addicionals d&#8217;acord a les teves prefer\u00e8ncies i h\u00e0bits de navegaci\u00f3. Pots llegir m\u00e9s en la nostra <a href=\"https:\/\/lifeinfusion.eu\/ca\/cookies-i-politica-de-privacitat\/\" target=\"_blank\" rel=\"noopener\">pol\u00edtica de cookies<\/a>.<\/span><\/p>\n<p align=\"JUSTIFY\"><span lang=\"ca-ES\">D&#8217;acord amb l&#8217;article 5 de la Llei org\u00e0nica 15\/1999, de 13 de desembre, de protecci\u00f3 de dades de car\u00e0cter personal, els informem que les seves dades personals seran recollides, incorporades i tractades des de l&#8217;\u00c0rea Metropolitana de Barcelona (AMB).<\/span><\/p>\n<p align=\"JUSTIFY\"><span lang=\"ca-ES\">L&#8217;\u00f2rgan responsable del fitxer \u00e9s la Direcci\u00f3 de Prevenci\u00f3 i Gesti\u00f3 de Residus de l&#8217;AMB, i l&#8217;adre\u00e7a on la persona interessada pot exercir els seus drets d&#8217;acc\u00e9s, rectificaci\u00f3, cancel\u00b7laci\u00f3 i oposici\u00f3 de manera presencial \u00e9s C. 62, n\u00fam. 16-18, Zona Franca, 08040 Barcelona, \u200b\u200bencara que tamb\u00e9 pot utilitzar el formulari de Contacte.<\/span><\/p>\n<p align=\"JUSTIFY\"><span lang=\"ca-ES\">No obstant aix\u00f2, l&#8217;acceptaci\u00f3 d&#8217;aquestes condicions suposa el consentiment a el tractament de les seves dades personals, per a la prestaci\u00f3 dels serveis que sol\u00b7liciti a trav\u00e9s d&#8217;aquest portal i, si cal, per efectuar les gestions necess\u00e0ries amb les administracions o entitats p\u00fabliques que intervinguin en la tramitaci\u00f3.<\/span><\/p>\n<\/div><\/section>\n<div  class='av-social-sharing-box av-z0104-a94f53debb72423a007a8c2fc697a8e3 av-social-sharing-box-default  avia-builder-el-3  el_after_av_textblock  el_before_av_layout_row  avia-builder-el-last  av-social-sharing-box-fullwidth'><div class=\"av-share-box\"><h5 class='av-share-link-description av-no-toc '>SHARE<\/h5><ul class=\"av-share-box-list noLightbox\"><li class='av-share-link av-social-link-facebook avia_social_iconfont' ><a target=\"_blank\" aria-label=\"Compartir a Facebook\" href='https:\/\/www.facebook.com\/sharer.php?u=https:\/\/lifeinfusion.eu\/ca\/cookies-i-politica-de-privacitat\/&#038;t=Cookies%20i%20pol%C3%ADtica%20de%20privacitat' data-av_icon='\ue8f3' data-av_iconfont='entypo-fontello'  title='' data-avia-related-tooltip='Compartir a Facebook'><span class='avia_hidden_link_text'>Compartir a Facebook<\/span><\/a><\/li><li class='av-share-link av-social-link-twitter avia_social_iconfont' ><a target=\"_blank\" aria-label=\"Compartir a X\" href='https:\/\/twitter.com\/share?text=Cookies%20i%20pol%C3%ADtica%20de%20privacitat&#038;url=https:\/\/lifeinfusion.eu\/ca\/?p=1828' data-av_icon='\ue932' data-av_iconfont='entypo-fontello'  title='' data-avia-related-tooltip='Compartir a X'><span class='avia_hidden_link_text'>Compartir a X<\/span><\/a><\/li><li class='av-share-link av-social-link-whatsapp avia_social_iconfont' ><a target=\"_blank\" aria-label=\"Share on WhatsApp\" href='https:\/\/api.whatsapp.com\/send?text=https:\/\/lifeinfusion.eu\/ca\/cookies-i-politica-de-privacitat\/' data-av_icon='\uf232' data-av_iconfont='entypo-fontello'  title='' data-avia-related-tooltip='Share on WhatsApp'><span class='avia_hidden_link_text'>Share on WhatsApp<\/span><\/a><\/li><li class='av-share-link av-social-link-pinterest avia_social_iconfont' ><a target=\"_blank\" aria-label=\"Compartir a Pinterest\" href='https:\/\/pinterest.com\/pin\/create\/button\/?url=https%3A%2F%2Flifeinfusion.eu%2Fca%2Fcookies-i-politica-de-privacitat%2F&#038;description=Cookies%20i%20pol%C3%ADtica%20de%20privacitat&#038;media=' data-av_icon='\ue8f8' data-av_iconfont='entypo-fontello'  title='' data-avia-related-tooltip='Compartir a Pinterest'><span class='avia_hidden_link_text'>Compartir a Pinterest<\/span><\/a><\/li><li class='av-share-link av-social-link-linkedin avia_social_iconfont' ><a target=\"_blank\" aria-label=\"Compartir a LinkedIn\" href='https:\/\/linkedin.com\/shareArticle?mini=true&#038;title=Cookies%20i%20pol%C3%ADtica%20de%20privacitat&#038;url=https:\/\/lifeinfusion.eu\/ca\/cookies-i-politica-de-privacitat\/' data-av_icon='\ue8fc' data-av_iconfont='entypo-fontello'  title='' data-avia-related-tooltip='Compartir a LinkedIn'><span class='avia_hidden_link_text'>Compartir a LinkedIn<\/span><\/a><\/li><li class='av-share-link av-social-link-tumblr avia_social_iconfont' ><a target=\"_blank\" aria-label=\"Compartir a Tumblr\" href='https:\/\/www.tumblr.com\/share\/link?url=https%3A%2F%2Flifeinfusion.eu%2Fca%2Fcookies-i-politica-de-privacitat%2F&#038;name=Cookies%20i%20pol%C3%ADtica%20de%20privacitat&#038;description=' data-av_icon='\ue8fa' data-av_iconfont='entypo-fontello'  title='' data-avia-related-tooltip='Compartir a Tumblr'><span class='avia_hidden_link_text'>Compartir a Tumblr<\/span><\/a><\/li><li class='av-share-link av-social-link-reddit avia_social_iconfont' ><a target=\"_blank\" aria-label=\"Compartir a Reddit\" href='https:\/\/reddit.com\/submit?url=https:\/\/lifeinfusion.eu\/ca\/cookies-i-politica-de-privacitat\/&#038;title=Cookies%20i%20pol%C3%ADtica%20de%20privacitat' data-av_icon='\ue927' data-av_iconfont='entypo-fontello'  title='' data-avia-related-tooltip='Compartir a Reddit'><span class='avia_hidden_link_text'>Compartir a Reddit<\/span><\/a><\/li><li class='av-share-link av-social-link-mail avia_social_iconfont' ><a  aria-label=\"Compartir per correu\" href='mailto:?subject=Cookies%20i%20pol%C3%ADtica%20de%20privacitat&#038;body=https:\/\/lifeinfusion.eu\/ca\/cookies-i-politica-de-privacitat\/' data-av_icon='\ue805' data-av_iconfont='entypo-fontello'  title='' data-avia-related-tooltip='Compartir per correu'><span class='avia_hidden_link_text'>Compartir per correu<\/span><\/a><\/li><\/ul><\/div><\/div>\n<\/div><\/div><\/div><!-- close content main div --><\/div><\/div><div id='av-layout-grid-1'  class='av-layout-grid-container av-p6cr0-c7d21badff8dcf5e454a49f74263b9a8 entry-content-wrapper main_color av-flex-cells  avia-builder-el-4  el_after_av_social_share  avia-builder-el-last  grid-row-not-first  container_wrap sidebar_right'  >\n\n<style type=\"text\/css\" data-created_by=\"avia_inline_auto\" id=\"style-css-av-m8g90-366630556136a78569a9c03383207b10\">\n.flex_cell.av-m8g90-366630556136a78569a9c03383207b10{\nvertical-align:top;\nbackground-color:#878787;\n}\n.responsive #top #wrap_all .flex_cell.av-m8g90-366630556136a78569a9c03383207b10{\npadding:30px 30px 30px 30px !important;\n}\n<\/style>\n<div class='flex_cell av-m8g90-366630556136a78569a9c03383207b10 av-gridrow-cell av_one_third no_margin  avia-builder-el-5  el_before_av_cell_one_third  avia-builder-el-first  content-align-top'  ><div class='flex_cell_inner'><\/div><\/div>\n<style type=\"text\/css\" data-created_by=\"avia_inline_auto\" id=\"style-css-av-d1th0-35b09e5186a00347ae9af3c92a1b404c\">\n.flex_cell.av-d1th0-35b09e5186a00347ae9af3c92a1b404c{\nvertical-align:top;\nbackground-color:#48a2c0;\n}\n.responsive #top #wrap_all .flex_cell.av-d1th0-35b09e5186a00347ae9af3c92a1b404c{\npadding:30px 30px 30px 30px !important;\n}\n<\/style>\n<div class='flex_cell av-d1th0-35b09e5186a00347ae9af3c92a1b404c av-gridrow-cell av_one_third no_margin  avia-builder-el-6  el_after_av_cell_one_third  el_before_av_cell_one_third  content-align-top'  ><div class='flex_cell_inner'><\/div><\/div>\n<style type=\"text\/css\" data-created_by=\"avia_inline_auto\" id=\"style-css-av-792t8-e4143410b8bdf8453874be170f02222d\">\n.flex_cell.av-792t8-e4143410b8bdf8453874be170f02222d{\nvertical-align:top;\nbackground-color:#afca15;\n}\n.responsive #top #wrap_all .flex_cell.av-792t8-e4143410b8bdf8453874be170f02222d{\npadding:30px 30px 30px 30px !important;\n}\n<\/style>\n<div class='flex_cell av-792t8-e4143410b8bdf8453874be170f02222d av-gridrow-cell av_one_third no_margin  avia-builder-el-7  el_after_av_cell_one_third  avia-builder-el-last  content-align-top'  ><div class='flex_cell_inner'><\/div><\/div>\n<\/div>\n","protected":false},"excerpt":{"rendered":"","protected":false},"author":1,"featured_media":0,"parent":0,"menu_order":0,"comment_status":"closed","ping_status":"closed","template":"","meta":{"_monsterinsights_skip_tracking":false,"_monsterinsights_sitenote_active":false,"_monsterinsights_sitenote_note":"","_monsterinsights_sitenote_category":0,"footnotes":""},"class_list":["post-1828","page","type-page","status-publish","hentry"],"yoast_head":"<!-- This site is optimized with the Yoast SEO plugin v27.3 - https:\/\/yoast.com\/product\/yoast-seo-wordpress\/ -->\n<title>Cookies i pol\u00edtica de privacitat - Infusion<\/title>\n<meta name=\"robots\" content=\"index, follow, max-snippet:-1, max-image-preview:large, max-video-preview:-1\" \/>\n<link rel=\"canonical\" href=\"https:\/\/lifeinfusion.eu\/cookies-privacity-policy\/\" \/>\n<meta property=\"og:locale\" content=\"ca_ES\" \/>\n<meta property=\"og:type\" content=\"article\" \/>\n<meta property=\"og:title\" content=\"Cookies i pol\u00edtica de privacitat - Infusion\" \/>\n<meta property=\"og:url\" content=\"https:\/\/lifeinfusion.eu\/cookies-privacity-policy\/\" \/>\n<meta property=\"og:site_name\" content=\"Infusion\" \/>\n<meta property=\"article:modified_time\" content=\"2021-09-09T08:40:05+00:00\" \/>\n<meta name=\"twitter:card\" content=\"summary_large_image\" \/>\n<meta name=\"twitter:label1\" content=\"Temps estimat de lectura\" \/>\n\t<meta name=\"twitter:data1\" content=\"5 minuts\" \/>\n<script type=\"application\/ld+json\" class=\"yoast-schema-graph\">{\"@context\":\"https:\\\/\\\/schema.org\",\"@graph\":[{\"@type\":\"WebPage\",\"@id\":\"https:\\\/\\\/lifeinfusion.eu\\\/cookies-privacity-policy\\\/\",\"url\":\"https:\\\/\\\/lifeinfusion.eu\\\/cookies-privacity-policy\\\/\",\"name\":\"Cookies i pol\u00edtica de privacitat - Infusion\",\"isPartOf\":{\"@id\":\"https:\\\/\\\/lifeinfusion.eu\\\/#website\"},\"datePublished\":\"2021-08-26T10:29:11+00:00\",\"dateModified\":\"2021-09-09T08:40:05+00:00\",\"breadcrumb\":{\"@id\":\"https:\\\/\\\/lifeinfusion.eu\\\/cookies-privacity-policy\\\/#breadcrumb\"},\"inLanguage\":\"ca\",\"potentialAction\":[{\"@type\":\"ReadAction\",\"target\":[\"https:\\\/\\\/lifeinfusion.eu\\\/cookies-privacity-policy\\\/\"]}]},{\"@type\":\"BreadcrumbList\",\"@id\":\"https:\\\/\\\/lifeinfusion.eu\\\/cookies-privacity-policy\\\/#breadcrumb\",\"itemListElement\":[{\"@type\":\"ListItem\",\"position\":1,\"name\":\"Home\",\"item\":\"https:\\\/\\\/lifeinfusion.eu\\\/sample-page-2\\\/\"},{\"@type\":\"ListItem\",\"position\":2,\"name\":\"Cookies i pol\u00edtica de privacitat\"}]},{\"@type\":\"WebSite\",\"@id\":\"https:\\\/\\\/lifeinfusion.eu\\\/#website\",\"url\":\"https:\\\/\\\/lifeinfusion.eu\\\/\",\"name\":\"Infusion\",\"description\":\"Intensive treatment of waste effluents and conversion into useful sustainable outputs: biogas, nutrients and water\",\"potentialAction\":[{\"@type\":\"SearchAction\",\"target\":{\"@type\":\"EntryPoint\",\"urlTemplate\":\"https:\\\/\\\/lifeinfusion.eu\\\/?s={search_term_string}\"},\"query-input\":{\"@type\":\"PropertyValueSpecification\",\"valueRequired\":true,\"valueName\":\"search_term_string\"}}],\"inLanguage\":\"ca\"}]}<\/script>\n<!-- \/ Yoast SEO plugin. -->","yoast_head_json":{"title":"Cookies i pol\u00edtica de privacitat - Infusion","robots":{"index":"index","follow":"follow","max-snippet":"max-snippet:-1","max-image-preview":"max-image-preview:large","max-video-preview":"max-video-preview:-1"},"canonical":"https:\/\/lifeinfusion.eu\/cookies-privacity-policy\/","og_locale":"ca_ES","og_type":"article","og_title":"Cookies i pol\u00edtica de privacitat - Infusion","og_url":"https:\/\/lifeinfusion.eu\/cookies-privacity-policy\/","og_site_name":"Infusion","article_modified_time":"2021-09-09T08:40:05+00:00","twitter_card":"summary_large_image","twitter_misc":{"Temps estimat de lectura":"5 minuts"},"schema":{"@context":"https:\/\/schema.org","@graph":[{"@type":"WebPage","@id":"https:\/\/lifeinfusion.eu\/cookies-privacity-policy\/","url":"https:\/\/lifeinfusion.eu\/cookies-privacity-policy\/","name":"Cookies i pol\u00edtica de privacitat - Infusion","isPartOf":{"@id":"https:\/\/lifeinfusion.eu\/#website"},"datePublished":"2021-08-26T10:29:11+00:00","dateModified":"2021-09-09T08:40:05+00:00","breadcrumb":{"@id":"https:\/\/lifeinfusion.eu\/cookies-privacity-policy\/#breadcrumb"},"inLanguage":"ca","potentialAction":[{"@type":"ReadAction","target":["https:\/\/lifeinfusion.eu\/cookies-privacity-policy\/"]}]},{"@type":"BreadcrumbList","@id":"https:\/\/lifeinfusion.eu\/cookies-privacity-policy\/#breadcrumb","itemListElement":[{"@type":"ListItem","position":1,"name":"Home","item":"https:\/\/lifeinfusion.eu\/sample-page-2\/"},{"@type":"ListItem","position":2,"name":"Cookies i pol\u00edtica de privacitat"}]},{"@type":"WebSite","@id":"https:\/\/lifeinfusion.eu\/#website","url":"https:\/\/lifeinfusion.eu\/","name":"Infusion","description":"Intensive treatment of waste effluents and conversion into useful sustainable outputs: biogas, nutrients and water","potentialAction":[{"@type":"SearchAction","target":{"@type":"EntryPoint","urlTemplate":"https:\/\/lifeinfusion.eu\/?s={search_term_string}"},"query-input":{"@type":"PropertyValueSpecification","valueRequired":true,"valueName":"search_term_string"}}],"inLanguage":"ca"}]}},"_links":{"self":[{"href":"https:\/\/lifeinfusion.eu\/ca\/wp-json\/wp\/v2\/pages\/1828","targetHints":{"allow":["GET"]}}],"collection":[{"href":"https:\/\/lifeinfusion.eu\/ca\/wp-json\/wp\/v2\/pages"}],"about":[{"href":"https:\/\/lifeinfusion.eu\/ca\/wp-json\/wp\/v2\/types\/page"}],"author":[{"embeddable":true,"href":"https:\/\/lifeinfusion.eu\/ca\/wp-json\/wp\/v2\/users\/1"}],"replies":[{"embeddable":true,"href":"https:\/\/lifeinfusion.eu\/ca\/wp-json\/wp\/v2\/comments?post=1828"}],"version-history":[{"count":12,"href":"https:\/\/lifeinfusion.eu\/ca\/wp-json\/wp\/v2\/pages\/1828\/revisions"}],"predecessor-version":[{"id":2684,"href":"https:\/\/lifeinfusion.eu\/ca\/wp-json\/wp\/v2\/pages\/1828\/revisions\/2684"}],"wp:attachment":[{"href":"https:\/\/lifeinfusion.eu\/ca\/wp-json\/wp\/v2\/media?parent=1828"}],"curies":[{"name":"wp","href":"https:\/\/api.w.org\/{rel}","templated":true}]}}