{"id":1855,"date":"2021-08-26T11:09:32","date_gmt":"2021-08-26T11:09:32","guid":{"rendered":"https:\/\/lifeinfusion.eu\/el-projecte\/context\/"},"modified":"2021-08-26T11:09:32","modified_gmt":"2021-08-26T11:09:32","slug":"context","status":"publish","type":"page","link":"https:\/\/lifeinfusion.eu\/ca\/el-projecte\/context\/","title":{"rendered":"Context"},"content":{"rendered":"\n<style type=\"text\/css\" data-created_by=\"avia_inline_auto\" id=\"style-css-av-kr0egb66-76ebc2b4921f7487010a6822a254a132\">\n.avia-section.av-kr0egb66-76ebc2b4921f7487010a6822a254a132{\nbackground-color:#878787;\nbackground-image:url(https:\/\/lifeinfusion.eu\/wp-content\/uploads\/2021\/07\/BACK-copia.png);\nbackground-repeat:no-repeat;\nbackground-position:50% 50%;\nbackground-attachment:scroll;\n}\n.avia-section.av-kr0egb66-76ebc2b4921f7487010a6822a254a132 .av-extra-border-element .av-extra-border-inner{\nbackground-color:#878787;\n}\n<\/style>\n<div id='av_section_1'  class='avia-section av-kr0egb66-76ebc2b4921f7487010a6822a254a132 main_color avia-section-default avia-no-border-styling  avia-builder-el-0  el_before_av_submenu  avia-builder-el-first  avia-full-stretch avia-bg-style-scroll av-arrow-down-section av-minimum-height av-minimum-height-custom av-height-custom  container_wrap sidebar_right'  data-section-bg-repeat='stretch' data-av_minimum_height_px='430'><div class='container av-section-cont-open' style='height:430px'><main  role=\"main\" itemprop=\"mainContentOfPage\"  class='template-page content  av-content-small alpha units'><div class='post-entry post-entry-type-page post-entry-1855'><div class='entry-content-wrapper clearfix'>\n\n<style type=\"text\/css\" data-created_by=\"avia_inline_auto\" id=\"style-css-av-kr0e57vd-f23f868bb02005818d6e9d11509c5398\">\n#top .av-special-heading.av-kr0e57vd-f23f868bb02005818d6e9d11509c5398{\npadding-bottom:40px;\ncolor:#ffffff;\nfont-size:72px;\n}\nbody .av-special-heading.av-kr0e57vd-f23f868bb02005818d6e9d11509c5398 .av-special-heading-tag .heading-char{\nfont-size:25px;\n}\n#top #wrap_all .av-special-heading.av-kr0e57vd-f23f868bb02005818d6e9d11509c5398 .av-special-heading-tag{\nfont-size:72px;\n}\n.av-special-heading.av-kr0e57vd-f23f868bb02005818d6e9d11509c5398 .special-heading-inner-border{\nborder-color:#ffffff;\n}\n.av-special-heading.av-kr0e57vd-f23f868bb02005818d6e9d11509c5398 .av-subheading{\nfont-size:20px;\n}\n\n@media only screen and (min-width: 480px) and (max-width: 767px){ \n#top #wrap_all .av-special-heading.av-kr0e57vd-f23f868bb02005818d6e9d11509c5398 .av-special-heading-tag{\nfont-size:0.8em;\n}\n}\n\n@media only screen and (max-width: 479px){ \n#top #wrap_all .av-special-heading.av-kr0e57vd-f23f868bb02005818d6e9d11509c5398 .av-special-heading-tag{\nfont-size:0.8em;\n}\n}\n<\/style>\n<div  class='av-special-heading av-kr0e57vd-f23f868bb02005818d6e9d11509c5398 av-special-heading-h2 custom-color-heading blockquote modern-quote  avia-builder-el-1  avia-builder-el-no-sibling  av-inherit-size'><h2 class='av-special-heading-tag '  itemprop=\"headline\"  >EL PROJECTE \/ CONTEXT<\/h2><div class=\"special-heading-border\"><div class=\"special-heading-inner-border\"><\/div><\/div><\/div>\n\n<\/div><\/div><\/main><!-- close content main element --><\/div><div class='av-extra-border-element border-extra-arrow-down'><div class='av-extra-border-outer'><div class='av-extra-border-inner'><\/div><\/div><\/div><\/div><div class='clear'><\/div><div id='sub_menu1'  class='av-submenu-container av-kr0fakiw-66d394a718c94b418aaaa534900a31ce main_color  avia-builder-el-2  el_after_av_section  el_before_av_one_third  av-sticky-submenu submenu-not-first container_wrap sidebar_right' style='z-index:301' ><div class='container av-menu-mobile-disabled av-submenu-pos-center'><ul id=\"menu-menu-the-project-catalan\" class=\"av-subnav-menu\" role=\"menu\"><li role=\"menuitem\" id=\"menu-item-1945\" class=\"menu-item menu-item-type-post_type menu-item-object-page menu-item-top-level menu-item-top-level-1\"><a href=\"https:\/\/lifeinfusion.eu\/ca\/el-projecte\/\" itemprop=\"url\" tabindex=\"0\"><span class=\"avia-bullet\"><\/span><span class=\"avia-menu-text\">El projecte<\/span><span class=\"avia-menu-fx\"><span class=\"avia-arrow-wrap\"><span class=\"avia-arrow\"><\/span><\/span><\/span><\/a><\/li>\n<li role=\"menuitem\" id=\"menu-item-1946\" class=\"menu-item menu-item-type-post_type menu-item-object-page menu-item-top-level menu-item-top-level-2\"><a href=\"https:\/\/lifeinfusion.eu\/ca\/el-projecte\/context\/\" itemprop=\"url\" tabindex=\"0\"><span class=\"avia-bullet\"><\/span><span class=\"avia-menu-text\">Context<\/span><span class=\"avia-menu-fx\"><span class=\"avia-arrow-wrap\"><span class=\"avia-arrow\"><\/span><\/span><\/span><\/a><\/li>\n<li role=\"menuitem\" id=\"menu-item-1947\" class=\"menu-item menu-item-type-post_type menu-item-object-page menu-item-top-level menu-item-top-level-3\"><a href=\"https:\/\/lifeinfusion.eu\/ca\/el-projecte\/objectius\/\" itemprop=\"url\" tabindex=\"0\"><span class=\"avia-bullet\"><\/span><span class=\"avia-menu-text\">Objectius<\/span><span class=\"avia-menu-fx\"><span class=\"avia-arrow-wrap\"><span class=\"avia-arrow\"><\/span><\/span><\/span><\/a><\/li>\n<li role=\"menuitem\" id=\"menu-item-1948\" class=\"menu-item menu-item-type-post_type menu-item-object-page menu-item-top-level menu-item-top-level-4\"><a href=\"https:\/\/lifeinfusion.eu\/ca\/el-projecte\/solucio-tecnica\/\" itemprop=\"url\" tabindex=\"0\"><span class=\"avia-bullet\"><\/span><span class=\"avia-menu-text\">Soluci\u00f3 t\u00e8cnica<\/span><span class=\"avia-menu-fx\"><span class=\"avia-arrow-wrap\"><span class=\"avia-arrow\"><\/span><\/span><\/span><\/a><\/li>\n<li role=\"menuitem\" id=\"menu-item-1949\" class=\"menu-item menu-item-type-post_type menu-item-object-page menu-item-top-level menu-item-top-level-5\"><a href=\"https:\/\/lifeinfusion.eu\/ca\/el-projecte\/tecnologia\/\" itemprop=\"url\" tabindex=\"0\"><span class=\"avia-bullet\"><\/span><span class=\"avia-menu-text\">Tecnologia<\/span><span class=\"avia-menu-fx\"><span class=\"avia-arrow-wrap\"><span class=\"avia-arrow\"><\/span><\/span><\/span><\/a><\/li>\n<li role=\"menuitem\" id=\"menu-item-1950\" class=\"menu-item menu-item-type-post_type menu-item-object-page menu-item-top-level menu-item-top-level-6\"><a href=\"https:\/\/lifeinfusion.eu\/ca\/el-projecte\/centres-de-mostra\/\" itemprop=\"url\" tabindex=\"0\"><span class=\"avia-bullet\"><\/span><span class=\"avia-menu-text\">Empla\u00e7aments demostratius<\/span><span class=\"avia-menu-fx\"><span class=\"avia-arrow-wrap\"><span class=\"avia-arrow\"><\/span><\/span><\/span><\/a><\/li>\n<li role=\"menuitem\" id=\"menu-item-1951\" class=\"menu-item menu-item-type-post_type menu-item-object-page menu-item-top-level menu-item-top-level-7\"><a href=\"https:\/\/lifeinfusion.eu\/ca\/el-projecte\/timeline\/\" itemprop=\"url\" tabindex=\"0\"><span class=\"avia-bullet\"><\/span><span class=\"avia-menu-text\">Timeline<\/span><span class=\"avia-menu-fx\"><span class=\"avia-arrow-wrap\"><span class=\"avia-arrow\"><\/span><\/span><\/span><\/a><\/li>\n<\/ul><\/div><\/div><div class='sticky_placeholder'><\/div><div id='after_submenu_1'  class='main_color av_default_container_wrap container_wrap sidebar_right'  ><div class='container av-section-cont-open' ><div class='template-page content  av-content-small alpha units'><div class='post-entry post-entry-type-page post-entry-1855'><div class='entry-content-wrapper clearfix'>\n\n<style type=\"text\/css\" data-created_by=\"avia_inline_auto\" id=\"style-css-av-loj4w-de383440f55461b8be18031d6205d3f2\">\n.flex_column.av-loj4w-de383440f55461b8be18031d6205d3f2{\nborder-radius:0px 0px 0px 0px;\npadding:0px 0px 0px 0px;\n}\n<\/style>\n<div  class='flex_column av-loj4w-de383440f55461b8be18031d6205d3f2 av_one_third  avia-builder-el-3  el_after_av_submenu  el_before_av_one_third  avia-builder-el-first  first flex_column_div av-zero-column-padding  '     ><style type=\"text\/css\" data-created_by=\"avia_inline_auto\" id=\"style-css-av-krg58bip-00b0cf8d52a92006e35be0a93c3202d1\">\n.avia-image-container.av-krg58bip-00b0cf8d52a92006e35be0a93c3202d1 img.avia_image{\nbox-shadow:none;\n}\n.avia-image-container.av-krg58bip-00b0cf8d52a92006e35be0a93c3202d1 .av-image-caption-overlay-center{\ncolor:#ffffff;\n}\n<\/style>\n<div  class='avia-image-container av-krg58bip-00b0cf8d52a92006e35be0a93c3202d1 av-styling- avia_animated_image av-animated-when-visible-95 left-to-right avia-align-center  avia-builder-el-4  avia-builder-el-no-sibling '   itemprop=\"image\" itemscope=\"itemscope\" itemtype=\"https:\/\/schema.org\/ImageObject\" ><div class=\"avia-image-container-inner\"><div class=\"avia-image-overlay-wrap\"><img decoding=\"async\" fetchpriority=\"high\" class='wp-image-1416 avia-img-lazy-loading-not-1416 avia_image ' src=\"https:\/\/lifeinfusion.eu\/wp-content\/uploads\/2021\/07\/picon1.png\" alt='' title='picon1'  height=\"600\" width=\"800\"  itemprop=\"thumbnailUrl\" srcset=\"https:\/\/lifeinfusion.eu\/wp-content\/uploads\/2021\/07\/picon1.png 800w, https:\/\/lifeinfusion.eu\/wp-content\/uploads\/2021\/07\/picon1-300x225.png 300w, https:\/\/lifeinfusion.eu\/wp-content\/uploads\/2021\/07\/picon1-768x576.png 768w, https:\/\/lifeinfusion.eu\/wp-content\/uploads\/2021\/07\/picon1-705x529.png 705w\" sizes=\"(max-width: 800px) 100vw, 800px\" \/><\/div><\/div><\/div><\/div>\n\n<style type=\"text\/css\" data-created_by=\"avia_inline_auto\" id=\"style-css-av-gz4dc-2d240e9b1eca81b48dceef867a506422\">\n.flex_column.av-gz4dc-2d240e9b1eca81b48dceef867a506422{\nborder-radius:0px 0px 0px 0px;\npadding:0px 0px 0px 0px;\n}\n<\/style>\n<div  class='flex_column av-gz4dc-2d240e9b1eca81b48dceef867a506422 av_one_third  avia-builder-el-5  el_after_av_one_third  el_before_av_one_third  flex_column_div av-zero-column-padding  '     ><style type=\"text\/css\" data-created_by=\"avia_inline_auto\" id=\"style-css-av-krg58wau-7569969056220925d80a7eafbd56cea7\">\n.avia-image-container.av-krg58wau-7569969056220925d80a7eafbd56cea7 img.avia_image{\nbox-shadow:none;\n}\n.avia-image-container.av-krg58wau-7569969056220925d80a7eafbd56cea7 .av-image-caption-overlay-center{\ncolor:#ffffff;\n}\n<\/style>\n<div  class='avia-image-container av-krg58wau-7569969056220925d80a7eafbd56cea7 av-styling- avia_animated_image av-animated-when-visible-95 left-to-right avia-align-center  avia-builder-el-6  avia-builder-el-no-sibling '   itemprop=\"image\" itemscope=\"itemscope\" itemtype=\"https:\/\/schema.org\/ImageObject\" ><div class=\"avia-image-container-inner\"><div class=\"avia-image-overlay-wrap\"><img decoding=\"async\" fetchpriority=\"high\" class='wp-image-1419 avia-img-lazy-loading-not-1419 avia_image ' src=\"https:\/\/lifeinfusion.eu\/wp-content\/uploads\/2021\/07\/picon3.png\" alt='' title='picon3'  height=\"600\" width=\"800\"  itemprop=\"thumbnailUrl\" srcset=\"https:\/\/lifeinfusion.eu\/wp-content\/uploads\/2021\/07\/picon3.png 800w, https:\/\/lifeinfusion.eu\/wp-content\/uploads\/2021\/07\/picon3-300x225.png 300w, https:\/\/lifeinfusion.eu\/wp-content\/uploads\/2021\/07\/picon3-768x576.png 768w, https:\/\/lifeinfusion.eu\/wp-content\/uploads\/2021\/07\/picon3-705x529.png 705w\" sizes=\"(max-width: 800px) 100vw, 800px\" \/><\/div><\/div><\/div><\/div>\n\n<style type=\"text\/css\" data-created_by=\"avia_inline_auto\" id=\"style-css-av-91l1s-f5f66265ca663c442033488c4d6b64bf\">\n.flex_column.av-91l1s-f5f66265ca663c442033488c4d6b64bf{\nborder-radius:0px 0px 0px 0px;\npadding:0px 0px 0px 0px;\n}\n<\/style>\n<div  class='flex_column av-91l1s-f5f66265ca663c442033488c4d6b64bf av_one_third  avia-builder-el-7  el_after_av_one_third  el_before_av_textblock  flex_column_div av-zero-column-padding  '     ><style type=\"text\/css\" data-created_by=\"avia_inline_auto\" id=\"style-css-av-krg5968y-9cde7849b4f6171bfbeda70e04a3e560\">\n.avia-image-container.av-krg5968y-9cde7849b4f6171bfbeda70e04a3e560 img.avia_image{\nbox-shadow:none;\n}\n.avia-image-container.av-krg5968y-9cde7849b4f6171bfbeda70e04a3e560 .av-image-caption-overlay-center{\ncolor:#ffffff;\n}\n<\/style>\n<div  class='avia-image-container av-krg5968y-9cde7849b4f6171bfbeda70e04a3e560 av-styling- avia_animated_image av-animated-when-visible-95 left-to-right avia-align-center  avia-builder-el-8  avia-builder-el-no-sibling '   itemprop=\"image\" itemscope=\"itemscope\" itemtype=\"https:\/\/schema.org\/ImageObject\" ><div class=\"avia-image-container-inner\"><div class=\"avia-image-overlay-wrap\"><img decoding=\"async\" fetchpriority=\"high\" class='wp-image-1422 avia-img-lazy-loading-not-1422 avia_image ' src=\"https:\/\/lifeinfusion.eu\/wp-content\/uploads\/2021\/07\/picon2.png\" alt='' title='picon2'  height=\"600\" width=\"800\"  itemprop=\"thumbnailUrl\" srcset=\"https:\/\/lifeinfusion.eu\/wp-content\/uploads\/2021\/07\/picon2.png 800w, https:\/\/lifeinfusion.eu\/wp-content\/uploads\/2021\/07\/picon2-300x225.png 300w, https:\/\/lifeinfusion.eu\/wp-content\/uploads\/2021\/07\/picon2-768x576.png 768w, https:\/\/lifeinfusion.eu\/wp-content\/uploads\/2021\/07\/picon2-705x529.png 705w\" sizes=\"(max-width: 800px) 100vw, 800px\" \/><\/div><\/div><\/div><\/div>\n\n<style type=\"text\/css\" data-created_by=\"avia_inline_auto\" id=\"style-css-av-kr0dg5an-7d31030596bb9f8f7a69154d60046b24\">\n#top .av_textblock_section.av-kr0dg5an-7d31030596bb9f8f7a69154d60046b24 .avia_textblock{\nfont-size:16px;\n}\n<\/style>\n<section  class='av_textblock_section av-kr0dg5an-7d31030596bb9f8f7a69154d60046b24 '   itemscope=\"itemscope\" itemtype=\"https:\/\/schema.org\/CreativeWork\" ><div class='avia_textblock'  itemprop=\"text\" ><p align=\"JUSTIFY\"><strong>El m\u00f3n pateix un greu problema amb els residus: cada any es generen 1.300 milions de tones de residus municipals (RM) i es preveu que l\u2019any 2025 aquesta xifra arribi gaireb\u00e9 al doble, amb 2.200 milions de tones. En el per\u00edode 2015-2017, la UE va generar 250 milions de tones de RM, el 25\u00a0% dels quals es va transportar a abocadors.<\/strong> Els abocadors s\u2019han convertit en l\u2019opci\u00f3 m\u00e9s habitual per al tractament de RM sense separar gr\u00e0cies als baixos costos d\u2019explotaci\u00f3 i de capital. Tot i que actualment la UE fomenta l\u2019abocament gaireb\u00e9 nul, es continuaran generant lixiviats a llarg termini als abocadors clausurats i caldria tenir en compte els costos de la gesti\u00f3 posterior al tancament, durant 30 anys. La gesti\u00f3 dels lixiviats d\u2019abocador \u00e9s un gran repte d\u2019enginyeria per la gran varietat de concentracions de components t\u00f2xics i contaminants. El lixiviat d\u2019abocador i el digestat l\u00edquid de la fracci\u00f3 org\u00e0nica dels residus municipals (FORM) es consideren aig\u00fces residuals (AR) i s\u2019han de tractar abans d\u2019abocar-les o recuperar-les. Aix\u00ed doncs, sempre cal eliminar-ne la mat\u00e8ria org\u00e0nica i l\u2019amoni. Tot i que l\u2019objectiu original del tractament de les aig\u00fces residuals era eliminar-ne els contaminants i protegir la qualitat de les aig\u00fces receptores, l\u2019escassedat de recursos actual \u00e9s una ra\u00f3 de pes per transformar el tractament de les AR segons els principis de l\u2019economia circular.<\/p>\n<\/div><\/section>\n<div  class='av-social-sharing-box av-akk7s-07b2f3e16d35f1dd18a37e3e677b4915 av-social-sharing-box-default  avia-builder-el-10  el_after_av_textblock  el_before_av_layout_row  avia-builder-el-last  av-social-sharing-box-fullwidth'><div class=\"av-share-box\"><h5 class='av-share-link-description av-no-toc '>SHARE<\/h5><ul class=\"av-share-box-list noLightbox\"><li class='av-share-link av-social-link-facebook avia_social_iconfont' ><a target=\"_blank\" aria-label=\"Compartir a Facebook\" href='https:\/\/www.facebook.com\/sharer.php?u=https:\/\/lifeinfusion.eu\/ca\/el-projecte\/context\/&#038;t=Context' data-av_icon='\ue8f3' data-av_iconfont='entypo-fontello'  title='' data-avia-related-tooltip='Compartir a Facebook'><span class='avia_hidden_link_text'>Compartir a Facebook<\/span><\/a><\/li><li class='av-share-link av-social-link-twitter avia_social_iconfont' ><a target=\"_blank\" aria-label=\"Compartir a X\" href='https:\/\/twitter.com\/share?text=Context&#038;url=https:\/\/lifeinfusion.eu\/ca\/?p=1855' data-av_icon='\ue932' data-av_iconfont='entypo-fontello'  title='' data-avia-related-tooltip='Compartir a X'><span class='avia_hidden_link_text'>Compartir a X<\/span><\/a><\/li><li class='av-share-link av-social-link-whatsapp avia_social_iconfont' ><a target=\"_blank\" aria-label=\"Share on WhatsApp\" href='https:\/\/api.whatsapp.com\/send?text=https:\/\/lifeinfusion.eu\/ca\/el-projecte\/context\/' data-av_icon='\uf232' data-av_iconfont='entypo-fontello'  title='' data-avia-related-tooltip='Share on WhatsApp'><span class='avia_hidden_link_text'>Share on WhatsApp<\/span><\/a><\/li><li class='av-share-link av-social-link-pinterest avia_social_iconfont' ><a target=\"_blank\" aria-label=\"Compartir a Pinterest\" href='https:\/\/pinterest.com\/pin\/create\/button\/?url=https%3A%2F%2Flifeinfusion.eu%2Fca%2Fel-projecte%2Fcontext%2F&#038;description=Context&#038;media=' data-av_icon='\ue8f8' data-av_iconfont='entypo-fontello'  title='' data-avia-related-tooltip='Compartir a Pinterest'><span class='avia_hidden_link_text'>Compartir a Pinterest<\/span><\/a><\/li><li class='av-share-link av-social-link-linkedin avia_social_iconfont' ><a target=\"_blank\" aria-label=\"Compartir a LinkedIn\" href='https:\/\/linkedin.com\/shareArticle?mini=true&#038;title=Context&#038;url=https:\/\/lifeinfusion.eu\/ca\/el-projecte\/context\/' data-av_icon='\ue8fc' data-av_iconfont='entypo-fontello'  title='' data-avia-related-tooltip='Compartir a LinkedIn'><span class='avia_hidden_link_text'>Compartir a LinkedIn<\/span><\/a><\/li><li class='av-share-link av-social-link-tumblr avia_social_iconfont' ><a target=\"_blank\" aria-label=\"Compartir a Tumblr\" href='https:\/\/www.tumblr.com\/share\/link?url=https%3A%2F%2Flifeinfusion.eu%2Fca%2Fel-projecte%2Fcontext%2F&#038;name=Context&#038;description=' data-av_icon='\ue8fa' data-av_iconfont='entypo-fontello'  title='' data-avia-related-tooltip='Compartir a Tumblr'><span class='avia_hidden_link_text'>Compartir a Tumblr<\/span><\/a><\/li><li class='av-share-link av-social-link-reddit avia_social_iconfont' ><a target=\"_blank\" aria-label=\"Compartir a Reddit\" href='https:\/\/reddit.com\/submit?url=https:\/\/lifeinfusion.eu\/ca\/el-projecte\/context\/&#038;title=Context' data-av_icon='\ue927' data-av_iconfont='entypo-fontello'  title='' data-avia-related-tooltip='Compartir a Reddit'><span class='avia_hidden_link_text'>Compartir a Reddit<\/span><\/a><\/li><li class='av-share-link av-social-link-mail avia_social_iconfont' ><a  aria-label=\"Compartir per correu\" href='mailto:?subject=Context&#038;body=https:\/\/lifeinfusion.eu\/ca\/el-projecte\/context\/' data-av_icon='\ue805' data-av_iconfont='entypo-fontello'  title='' data-avia-related-tooltip='Compartir per correu'><span class='avia_hidden_link_text'>Compartir per correu<\/span><\/a><\/li><\/ul><\/div><\/div>\n<\/div><\/div><\/div><!-- close content main div --><\/div><\/div><div id='av-layout-grid-1'  class='av-layout-grid-container av-kr0e9w3b-ad6e02b528195334984cfb7557cc0bdb entry-content-wrapper main_color av-flex-cells  avia-builder-el-11  el_after_av_social_share  avia-builder-el-last  grid-row-not-first  container_wrap sidebar_right'  >\n\n<style type=\"text\/css\" data-created_by=\"avia_inline_auto\" id=\"style-css-av-kr0e79db-c2c879fa64c20e5735183c3dbf6fe10d\">\n.flex_cell.av-kr0e79db-c2c879fa64c20e5735183c3dbf6fe10d{\nvertical-align:top;\nbackground-color:#878787;\n}\n.responsive #top #wrap_all .flex_cell.av-kr0e79db-c2c879fa64c20e5735183c3dbf6fe10d{\npadding:30px 30px 30px 30px !important;\n}\n<\/style>\n<div class='flex_cell av-kr0e79db-c2c879fa64c20e5735183c3dbf6fe10d av-gridrow-cell av_one_third no_margin  avia-builder-el-12  el_before_av_cell_one_third  avia-builder-el-first  content-align-top'  ><div class='flex_cell_inner'><\/div><\/div>\n<style type=\"text\/css\" data-created_by=\"avia_inline_auto\" id=\"style-css-av-kr0e7qc7-e8ee4fc017796617833d38b2fe1cde57\">\n.flex_cell.av-kr0e7qc7-e8ee4fc017796617833d38b2fe1cde57{\nvertical-align:top;\nbackground-color:#48a2c0;\n}\n.responsive #top #wrap_all .flex_cell.av-kr0e7qc7-e8ee4fc017796617833d38b2fe1cde57{\npadding:30px 30px 30px 30px !important;\n}\n<\/style>\n<div class='flex_cell av-kr0e7qc7-e8ee4fc017796617833d38b2fe1cde57 av-gridrow-cell av_one_third no_margin  avia-builder-el-13  el_after_av_cell_one_third  el_before_av_cell_one_third  content-align-top'  ><div class='flex_cell_inner'><\/div><\/div>\n<style type=\"text\/css\" data-created_by=\"avia_inline_auto\" id=\"style-css-av-kr0e88wd-fce7b3932f3ad86d5854bfedd0aed758\">\n.flex_cell.av-kr0e88wd-fce7b3932f3ad86d5854bfedd0aed758{\nvertical-align:top;\nbackground-color:#afca15;\n}\n.responsive #top #wrap_all .flex_cell.av-kr0e88wd-fce7b3932f3ad86d5854bfedd0aed758{\npadding:30px 30px 30px 30px !important;\n}\n<\/style>\n<div class='flex_cell av-kr0e88wd-fce7b3932f3ad86d5854bfedd0aed758 av-gridrow-cell av_one_third no_margin  avia-builder-el-14  el_after_av_cell_one_third  avia-builder-el-last  content-align-top'  ><div class='flex_cell_inner'><\/div><\/div>\n<\/div>\n","protected":false},"excerpt":{"rendered":"","protected":false},"author":1,"featured_media":0,"parent":1852,"menu_order":0,"comment_status":"closed","ping_status":"closed","template":"","meta":{"_monsterinsights_skip_tracking":false,"_monsterinsights_sitenote_active":false,"_monsterinsights_sitenote_note":"","_monsterinsights_sitenote_category":0,"footnotes":""},"class_list":["post-1855","page","type-page","status-publish","hentry"],"yoast_head":"<!-- This site is optimized with the Yoast SEO plugin v27.1.1 - https:\/\/yoast.com\/product\/yoast-seo-wordpress\/ -->\n<title>Context - Infusion<\/title>\n<meta name=\"robots\" content=\"index, follow, max-snippet:-1, max-image-preview:large, max-video-preview:-1\" \/>\n<link rel=\"canonical\" href=\"https:\/\/lifeinfusion.eu\/about\/infusion-context\/\" \/>\n<meta property=\"og:locale\" content=\"ca_ES\" \/>\n<meta property=\"og:type\" content=\"article\" \/>\n<meta property=\"og:title\" content=\"Context - Infusion\" \/>\n<meta property=\"og:url\" content=\"https:\/\/lifeinfusion.eu\/about\/infusion-context\/\" \/>\n<meta property=\"og:site_name\" content=\"Infusion\" \/>\n<meta name=\"twitter:card\" content=\"summary_large_image\" \/>\n<meta name=\"twitter:label1\" content=\"Temps estimat de lectura\" \/>\n\t<meta name=\"twitter:data1\" content=\"8 minuts\" \/>\n<script type=\"application\/ld+json\" class=\"yoast-schema-graph\">{\"@context\":\"https:\/\/schema.org\",\"@graph\":[{\"@type\":\"WebPage\",\"@id\":\"https:\/\/lifeinfusion.eu\/about\/infusion-context\/\",\"url\":\"https:\/\/lifeinfusion.eu\/about\/infusion-context\/\",\"name\":\"Context - Infusion\",\"isPartOf\":{\"@id\":\"https:\/\/lifeinfusion.eu\/#website\"},\"datePublished\":\"2021-08-26T11:09:32+00:00\",\"breadcrumb\":{\"@id\":\"https:\/\/lifeinfusion.eu\/about\/infusion-context\/#breadcrumb\"},\"inLanguage\":\"ca\",\"potentialAction\":[{\"@type\":\"ReadAction\",\"target\":[\"https:\/\/lifeinfusion.eu\/about\/infusion-context\/\"]}]},{\"@type\":\"BreadcrumbList\",\"@id\":\"https:\/\/lifeinfusion.eu\/about\/infusion-context\/#breadcrumb\",\"itemListElement\":[{\"@type\":\"ListItem\",\"position\":1,\"name\":\"Home\",\"item\":\"https:\/\/lifeinfusion.eu\/sample-page-2\/\"},{\"@type\":\"ListItem\",\"position\":2,\"name\":\"El projecte\",\"item\":\"https:\/\/lifeinfusion.eu\/about\/\"},{\"@type\":\"ListItem\",\"position\":3,\"name\":\"Context\"}]},{\"@type\":\"WebSite\",\"@id\":\"https:\/\/lifeinfusion.eu\/#website\",\"url\":\"https:\/\/lifeinfusion.eu\/\",\"name\":\"Infusion\",\"description\":\"Intensive treatment of waste effluents and conversion into useful sustainable outputs: biogas, nutrients and water\",\"potentialAction\":[{\"@type\":\"SearchAction\",\"target\":{\"@type\":\"EntryPoint\",\"urlTemplate\":\"https:\/\/lifeinfusion.eu\/?s={search_term_string}\"},\"query-input\":{\"@type\":\"PropertyValueSpecification\",\"valueRequired\":true,\"valueName\":\"search_term_string\"}}],\"inLanguage\":\"ca\"}]}<\/script>\n<!-- \/ Yoast SEO plugin. -->","yoast_head_json":{"title":"Context - Infusion","robots":{"index":"index","follow":"follow","max-snippet":"max-snippet:-1","max-image-preview":"max-image-preview:large","max-video-preview":"max-video-preview:-1"},"canonical":"https:\/\/lifeinfusion.eu\/about\/infusion-context\/","og_locale":"ca_ES","og_type":"article","og_title":"Context - Infusion","og_url":"https:\/\/lifeinfusion.eu\/about\/infusion-context\/","og_site_name":"Infusion","twitter_card":"summary_large_image","twitter_misc":{"Temps estimat de lectura":"8 minuts"},"schema":{"@context":"https:\/\/schema.org","@graph":[{"@type":"WebPage","@id":"https:\/\/lifeinfusion.eu\/about\/infusion-context\/","url":"https:\/\/lifeinfusion.eu\/about\/infusion-context\/","name":"Context - Infusion","isPartOf":{"@id":"https:\/\/lifeinfusion.eu\/#website"},"datePublished":"2021-08-26T11:09:32+00:00","breadcrumb":{"@id":"https:\/\/lifeinfusion.eu\/about\/infusion-context\/#breadcrumb"},"inLanguage":"ca","potentialAction":[{"@type":"ReadAction","target":["https:\/\/lifeinfusion.eu\/about\/infusion-context\/"]}]},{"@type":"BreadcrumbList","@id":"https:\/\/lifeinfusion.eu\/about\/infusion-context\/#breadcrumb","itemListElement":[{"@type":"ListItem","position":1,"name":"Home","item":"https:\/\/lifeinfusion.eu\/sample-page-2\/"},{"@type":"ListItem","position":2,"name":"El projecte","item":"https:\/\/lifeinfusion.eu\/about\/"},{"@type":"ListItem","position":3,"name":"Context"}]},{"@type":"WebSite","@id":"https:\/\/lifeinfusion.eu\/#website","url":"https:\/\/lifeinfusion.eu\/","name":"Infusion","description":"Intensive treatment of waste effluents and conversion into useful sustainable outputs: biogas, nutrients and water","potentialAction":[{"@type":"SearchAction","target":{"@type":"EntryPoint","urlTemplate":"https:\/\/lifeinfusion.eu\/?s={search_term_string}"},"query-input":{"@type":"PropertyValueSpecification","valueRequired":true,"valueName":"search_term_string"}}],"inLanguage":"ca"}]}},"_links":{"self":[{"href":"https:\/\/lifeinfusion.eu\/ca\/wp-json\/wp\/v2\/pages\/1855","targetHints":{"allow":["GET"]}}],"collection":[{"href":"https:\/\/lifeinfusion.eu\/ca\/wp-json\/wp\/v2\/pages"}],"about":[{"href":"https:\/\/lifeinfusion.eu\/ca\/wp-json\/wp\/v2\/types\/page"}],"author":[{"embeddable":true,"href":"https:\/\/lifeinfusion.eu\/ca\/wp-json\/wp\/v2\/users\/1"}],"replies":[{"embeddable":true,"href":"https:\/\/lifeinfusion.eu\/ca\/wp-json\/wp\/v2\/comments?post=1855"}],"version-history":[{"count":2,"href":"https:\/\/lifeinfusion.eu\/ca\/wp-json\/wp\/v2\/pages\/1855\/revisions"}],"predecessor-version":[{"id":1857,"href":"https:\/\/lifeinfusion.eu\/ca\/wp-json\/wp\/v2\/pages\/1855\/revisions\/1857"}],"up":[{"embeddable":true,"href":"https:\/\/lifeinfusion.eu\/ca\/wp-json\/wp\/v2\/pages\/1852"}],"wp:attachment":[{"href":"https:\/\/lifeinfusion.eu\/ca\/wp-json\/wp\/v2\/media?parent=1855"}],"curies":[{"name":"wp","href":"https:\/\/api.w.org\/{rel}","templated":true}]}}