{"id":1583,"date":"2021-08-25T08:46:05","date_gmt":"2021-08-25T08:46:05","guid":{"rendered":"https:\/\/lifeinfusion.eu\/el-proyecto\/contexto\/"},"modified":"2021-08-25T08:46:05","modified_gmt":"2021-08-25T08:46:05","slug":"contexto","status":"publish","type":"page","link":"https:\/\/lifeinfusion.eu\/es\/el-proyecto\/contexto\/","title":{"rendered":"Contexto"},"content":{"rendered":"\n<style type=\"text\/css\" data-created_by=\"avia_inline_auto\" id=\"style-css-av-kr0egb66-76ebc2b4921f7487010a6822a254a132\">\n.avia-section.av-kr0egb66-76ebc2b4921f7487010a6822a254a132{\nbackground-color:#878787;\nbackground-image:url(https:\/\/lifeinfusion.eu\/wp-content\/uploads\/2021\/07\/BACK-copia.png);\nbackground-repeat:no-repeat;\nbackground-position:50% 50%;\nbackground-attachment:scroll;\n}\n.avia-section.av-kr0egb66-76ebc2b4921f7487010a6822a254a132 .av-extra-border-element .av-extra-border-inner{\nbackground-color:#878787;\n}\n<\/style>\n<div id='av_section_1'  class='avia-section av-kr0egb66-76ebc2b4921f7487010a6822a254a132 main_color avia-section-default avia-no-border-styling  avia-builder-el-0  el_before_av_submenu  avia-builder-el-first  avia-full-stretch avia-bg-style-scroll av-arrow-down-section av-minimum-height av-minimum-height-custom av-height-custom  container_wrap sidebar_right'  data-section-bg-repeat='stretch' data-av_minimum_height_px='430'><div class='container av-section-cont-open' style='height:430px'><main  role=\"main\" itemprop=\"mainContentOfPage\"  class='template-page content  av-content-small alpha units'><div class='post-entry post-entry-type-page post-entry-1583'><div class='entry-content-wrapper clearfix'>\n\n<style type=\"text\/css\" data-created_by=\"avia_inline_auto\" id=\"style-css-av-kr0e57vd-8fe8d5d41d7d43522e43eefd2743f3cb\">\n#top .av-special-heading.av-kr0e57vd-8fe8d5d41d7d43522e43eefd2743f3cb{\npadding-bottom:40px;\ncolor:#ffffff;\nfont-size:72px;\n}\nbody .av-special-heading.av-kr0e57vd-8fe8d5d41d7d43522e43eefd2743f3cb .av-special-heading-tag .heading-char{\nfont-size:25px;\n}\n#top #wrap_all .av-special-heading.av-kr0e57vd-8fe8d5d41d7d43522e43eefd2743f3cb .av-special-heading-tag{\nfont-size:72px;\n}\n.av-special-heading.av-kr0e57vd-8fe8d5d41d7d43522e43eefd2743f3cb .special-heading-inner-border{\nborder-color:#ffffff;\n}\n.av-special-heading.av-kr0e57vd-8fe8d5d41d7d43522e43eefd2743f3cb .av-subheading{\nfont-size:20px;\n}\n\n@media only screen and (min-width: 480px) and (max-width: 767px){ \n#top #wrap_all .av-special-heading.av-kr0e57vd-8fe8d5d41d7d43522e43eefd2743f3cb .av-special-heading-tag{\nfont-size:0.8em;\n}\n}\n\n@media only screen and (max-width: 479px){ \n#top #wrap_all .av-special-heading.av-kr0e57vd-8fe8d5d41d7d43522e43eefd2743f3cb .av-special-heading-tag{\nfont-size:0.8em;\n}\n}\n<\/style>\n<div  class='av-special-heading av-kr0e57vd-8fe8d5d41d7d43522e43eefd2743f3cb av-special-heading-h2 custom-color-heading blockquote modern-quote  avia-builder-el-1  avia-builder-el-no-sibling  av-inherit-size'><h2 class='av-special-heading-tag '  itemprop=\"headline\"  >EL PROYECTO \/ CONTEXTO<\/h2><div class=\"special-heading-border\"><div class=\"special-heading-inner-border\"><\/div><\/div><\/div>\n\n<\/div><\/div><\/main><!-- close content main element --><\/div><div class='av-extra-border-element border-extra-arrow-down'><div class='av-extra-border-outer'><div class='av-extra-border-inner'><\/div><\/div><\/div><\/div><div class='clear'><\/div><div id='sub_menu1'  class='av-submenu-container av-kr0fakiw-66d394a718c94b418aaaa534900a31ce main_color  avia-builder-el-2  el_after_av_section  el_before_av_one_third  av-sticky-submenu submenu-not-first container_wrap sidebar_right' style='z-index:301' ><div class='container av-menu-mobile-disabled av-submenu-pos-center'><ul id=\"menu-menu-the-project-spanish\" class=\"av-subnav-menu\" role=\"menu\"><li role=\"menuitem\" id=\"menu-item-1621\" class=\"menu-item menu-item-type-post_type menu-item-object-page menu-item-top-level menu-item-top-level-1\"><a href=\"https:\/\/lifeinfusion.eu\/es\/el-proyecto\/\" itemprop=\"url\" tabindex=\"0\"><span class=\"avia-bullet\"><\/span><span class=\"avia-menu-text\">El proyecto<\/span><span class=\"avia-menu-fx\"><span class=\"avia-arrow-wrap\"><span class=\"avia-arrow\"><\/span><\/span><\/span><\/a><\/li>\n<li role=\"menuitem\" id=\"menu-item-1622\" class=\"menu-item menu-item-type-post_type menu-item-object-page menu-item-top-level menu-item-top-level-2\"><a href=\"https:\/\/lifeinfusion.eu\/es\/el-proyecto\/contexto\/\" itemprop=\"url\" tabindex=\"0\"><span class=\"avia-bullet\"><\/span><span class=\"avia-menu-text\">Contexto<\/span><span class=\"avia-menu-fx\"><span class=\"avia-arrow-wrap\"><span class=\"avia-arrow\"><\/span><\/span><\/span><\/a><\/li>\n<li role=\"menuitem\" id=\"menu-item-1623\" class=\"menu-item menu-item-type-post_type menu-item-object-page menu-item-top-level menu-item-top-level-3\"><a href=\"https:\/\/lifeinfusion.eu\/es\/el-proyecto\/objetivos\/\" itemprop=\"url\" tabindex=\"0\"><span class=\"avia-bullet\"><\/span><span class=\"avia-menu-text\">Objetivos<\/span><span class=\"avia-menu-fx\"><span class=\"avia-arrow-wrap\"><span class=\"avia-arrow\"><\/span><\/span><\/span><\/a><\/li>\n<li role=\"menuitem\" id=\"menu-item-1624\" class=\"menu-item menu-item-type-post_type menu-item-object-page menu-item-top-level menu-item-top-level-4\"><a href=\"https:\/\/lifeinfusion.eu\/es\/el-proyecto\/solucion-tecnica\/\" itemprop=\"url\" tabindex=\"0\"><span class=\"avia-bullet\"><\/span><span class=\"avia-menu-text\">Soluci\u00f3n t\u00e9cnica<\/span><span class=\"avia-menu-fx\"><span class=\"avia-arrow-wrap\"><span class=\"avia-arrow\"><\/span><\/span><\/span><\/a><\/li>\n<li role=\"menuitem\" id=\"menu-item-1625\" class=\"menu-item menu-item-type-post_type menu-item-object-page menu-item-top-level menu-item-top-level-5\"><a href=\"https:\/\/lifeinfusion.eu\/es\/el-proyecto\/tecnologia\/\" itemprop=\"url\" tabindex=\"0\"><span class=\"avia-bullet\"><\/span><span class=\"avia-menu-text\">Tecnolog\u00eda<\/span><span class=\"avia-menu-fx\"><span class=\"avia-arrow-wrap\"><span class=\"avia-arrow\"><\/span><\/span><\/span><\/a><\/li>\n<li role=\"menuitem\" id=\"menu-item-1626\" class=\"menu-item menu-item-type-post_type menu-item-object-page menu-item-top-level menu-item-top-level-6\"><a href=\"https:\/\/lifeinfusion.eu\/es\/el-proyecto\/centros-de-muestra\/\" itemprop=\"url\" tabindex=\"0\"><span class=\"avia-bullet\"><\/span><span class=\"avia-menu-text\">Emplazamientos demostrativos<\/span><span class=\"avia-menu-fx\"><span class=\"avia-arrow-wrap\"><span class=\"avia-arrow\"><\/span><\/span><\/span><\/a><\/li>\n<li role=\"menuitem\" id=\"menu-item-1627\" class=\"menu-item menu-item-type-post_type menu-item-object-page menu-item-top-level menu-item-top-level-7\"><a href=\"https:\/\/lifeinfusion.eu\/es\/el-proyecto\/timeline\/\" itemprop=\"url\" tabindex=\"0\"><span class=\"avia-bullet\"><\/span><span class=\"avia-menu-text\">Timeline<\/span><span class=\"avia-menu-fx\"><span class=\"avia-arrow-wrap\"><span class=\"avia-arrow\"><\/span><\/span><\/span><\/a><\/li>\n<\/ul><\/div><\/div><div class='sticky_placeholder'><\/div><div id='after_submenu_1'  class='main_color av_default_container_wrap container_wrap sidebar_right'  ><div class='container av-section-cont-open' ><div class='template-page content  av-content-small alpha units'><div class='post-entry post-entry-type-page post-entry-1583'><div class='entry-content-wrapper clearfix'>\n\n<style type=\"text\/css\" data-created_by=\"avia_inline_auto\" id=\"style-css-av-loj4w-de383440f55461b8be18031d6205d3f2\">\n.flex_column.av-loj4w-de383440f55461b8be18031d6205d3f2{\nborder-radius:0px 0px 0px 0px;\npadding:0px 0px 0px 0px;\n}\n<\/style>\n<div  class='flex_column av-loj4w-de383440f55461b8be18031d6205d3f2 av_one_third  avia-builder-el-3  el_after_av_submenu  el_before_av_one_third  avia-builder-el-first  first flex_column_div av-zero-column-padding  '     ><style type=\"text\/css\" data-created_by=\"avia_inline_auto\" id=\"style-css-av-krg58bip-aca6d307ab4628e2ee475ac8d6baf310\">\n.avia-image-container.av-krg58bip-aca6d307ab4628e2ee475ac8d6baf310 img.avia_image{\nbox-shadow:none;\n}\n.avia-image-container.av-krg58bip-aca6d307ab4628e2ee475ac8d6baf310 .av-image-caption-overlay-center{\ncolor:#ffffff;\n}\n<\/style>\n<div  class='avia-image-container av-krg58bip-aca6d307ab4628e2ee475ac8d6baf310 av-styling- avia_animated_image av-animated-when-visible-95 left-to-right avia-align-center  avia-builder-el-4  avia-builder-el-no-sibling '   itemprop=\"image\" itemscope=\"itemscope\" itemtype=\"https:\/\/schema.org\/ImageObject\" ><div class=\"avia-image-container-inner\"><div class=\"avia-image-overlay-wrap\"><img decoding=\"async\" fetchpriority=\"high\" class='wp-image-1418 avia-img-lazy-loading-not-1418 avia_image ' src=\"https:\/\/lifeinfusion.eu\/wp-content\/uploads\/2021\/07\/picon1.png\" alt='' title='picon1'  height=\"600\" width=\"800\"  itemprop=\"thumbnailUrl\" srcset=\"https:\/\/lifeinfusion.eu\/wp-content\/uploads\/2021\/07\/picon1.png 800w, https:\/\/lifeinfusion.eu\/wp-content\/uploads\/2021\/07\/picon1-300x225.png 300w, https:\/\/lifeinfusion.eu\/wp-content\/uploads\/2021\/07\/picon1-768x576.png 768w, https:\/\/lifeinfusion.eu\/wp-content\/uploads\/2021\/07\/picon1-705x529.png 705w\" sizes=\"(max-width: 800px) 100vw, 800px\" \/><\/div><\/div><\/div><\/div>\n\n<style type=\"text\/css\" data-created_by=\"avia_inline_auto\" id=\"style-css-av-gz4dc-2d240e9b1eca81b48dceef867a506422\">\n.flex_column.av-gz4dc-2d240e9b1eca81b48dceef867a506422{\nborder-radius:0px 0px 0px 0px;\npadding:0px 0px 0px 0px;\n}\n<\/style>\n<div  class='flex_column av-gz4dc-2d240e9b1eca81b48dceef867a506422 av_one_third  avia-builder-el-5  el_after_av_one_third  el_before_av_one_third  flex_column_div av-zero-column-padding  '     ><style type=\"text\/css\" data-created_by=\"avia_inline_auto\" id=\"style-css-av-krg58wau-f2bf5c48bc0c43ab17727d18323a73a4\">\n.avia-image-container.av-krg58wau-f2bf5c48bc0c43ab17727d18323a73a4 img.avia_image{\nbox-shadow:none;\n}\n.avia-image-container.av-krg58wau-f2bf5c48bc0c43ab17727d18323a73a4 .av-image-caption-overlay-center{\ncolor:#ffffff;\n}\n<\/style>\n<div  class='avia-image-container av-krg58wau-f2bf5c48bc0c43ab17727d18323a73a4 av-styling- avia_animated_image av-animated-when-visible-95 left-to-right avia-align-center  avia-builder-el-6  avia-builder-el-no-sibling '   itemprop=\"image\" itemscope=\"itemscope\" itemtype=\"https:\/\/schema.org\/ImageObject\" ><div class=\"avia-image-container-inner\"><div class=\"avia-image-overlay-wrap\"><img decoding=\"async\" fetchpriority=\"high\" class='wp-image-1421 avia-img-lazy-loading-not-1421 avia_image ' src=\"https:\/\/lifeinfusion.eu\/wp-content\/uploads\/2021\/07\/picon3.png\" alt='' title='picon3'  height=\"600\" width=\"800\"  itemprop=\"thumbnailUrl\" srcset=\"https:\/\/lifeinfusion.eu\/wp-content\/uploads\/2021\/07\/picon3.png 800w, https:\/\/lifeinfusion.eu\/wp-content\/uploads\/2021\/07\/picon3-300x225.png 300w, https:\/\/lifeinfusion.eu\/wp-content\/uploads\/2021\/07\/picon3-768x576.png 768w, https:\/\/lifeinfusion.eu\/wp-content\/uploads\/2021\/07\/picon3-705x529.png 705w\" sizes=\"(max-width: 800px) 100vw, 800px\" \/><\/div><\/div><\/div><\/div>\n\n<style type=\"text\/css\" data-created_by=\"avia_inline_auto\" id=\"style-css-av-91l1s-f5f66265ca663c442033488c4d6b64bf\">\n.flex_column.av-91l1s-f5f66265ca663c442033488c4d6b64bf{\nborder-radius:0px 0px 0px 0px;\npadding:0px 0px 0px 0px;\n}\n<\/style>\n<div  class='flex_column av-91l1s-f5f66265ca663c442033488c4d6b64bf av_one_third  avia-builder-el-7  el_after_av_one_third  el_before_av_textblock  flex_column_div av-zero-column-padding  '     ><style type=\"text\/css\" data-created_by=\"avia_inline_auto\" id=\"style-css-av-krg5968y-911a1502ae3c1ef6628134aa56bc5ba3\">\n.avia-image-container.av-krg5968y-911a1502ae3c1ef6628134aa56bc5ba3 img.avia_image{\nbox-shadow:none;\n}\n.avia-image-container.av-krg5968y-911a1502ae3c1ef6628134aa56bc5ba3 .av-image-caption-overlay-center{\ncolor:#ffffff;\n}\n<\/style>\n<div  class='avia-image-container av-krg5968y-911a1502ae3c1ef6628134aa56bc5ba3 av-styling- avia_animated_image av-animated-when-visible-95 left-to-right avia-align-center  avia-builder-el-8  avia-builder-el-no-sibling '   itemprop=\"image\" itemscope=\"itemscope\" itemtype=\"https:\/\/schema.org\/ImageObject\" ><div class=\"avia-image-container-inner\"><div class=\"avia-image-overlay-wrap\"><img decoding=\"async\" fetchpriority=\"high\" class='wp-image-1424 avia-img-lazy-loading-not-1424 avia_image ' src=\"https:\/\/lifeinfusion.eu\/wp-content\/uploads\/2021\/07\/picon2.png\" alt='' title='picon2'  height=\"600\" width=\"800\"  itemprop=\"thumbnailUrl\" srcset=\"https:\/\/lifeinfusion.eu\/wp-content\/uploads\/2021\/07\/picon2.png 800w, https:\/\/lifeinfusion.eu\/wp-content\/uploads\/2021\/07\/picon2-300x225.png 300w, https:\/\/lifeinfusion.eu\/wp-content\/uploads\/2021\/07\/picon2-768x576.png 768w, https:\/\/lifeinfusion.eu\/wp-content\/uploads\/2021\/07\/picon2-705x529.png 705w\" sizes=\"(max-width: 800px) 100vw, 800px\" \/><\/div><\/div><\/div><\/div>\n\n<style type=\"text\/css\" data-created_by=\"avia_inline_auto\" id=\"style-css-av-kr0dg5an-7d31030596bb9f8f7a69154d60046b24\">\n#top .av_textblock_section.av-kr0dg5an-7d31030596bb9f8f7a69154d60046b24 .avia_textblock{\nfont-size:16px;\n}\n<\/style>\n<section  class='av_textblock_section av-kr0dg5an-7d31030596bb9f8f7a69154d60046b24 '   itemscope=\"itemscope\" itemtype=\"https:\/\/schema.org\/CreativeWork\" ><div class='avia_textblock'  itemprop=\"text\" ><p align=\"JUSTIFY\"><strong>El mundo sufre un grave problema con los residuos: cada a\u00f1o se generan 1.300 millones de toneladas de residuos municipales (RM) y se prev\u00e9 que en el a\u00f1o 2025 esta cifra llegue casi al doble, con 2.200 millones de toneladas. En el per\u00edodo 2015-2017, la UE gener\u00f3 250 millones de toneladas de RM, el 25\u00a0% de las cuales se transport\u00f3 a vertederos.<\/strong> Los vertederos se han convertido en la opci\u00f3n m\u00e1s habitual para el tratamiento de RM sin separar por sus bajos costes de explotaci\u00f3n y de capital. Aunque actualmente la UE fomenta el vertido casi nulo, se seguir\u00e1n generando lixiviados a largo plazo en los vertederos clausurados y habr\u00eda que tener en cuenta los costes posteriores al cierre en cuanto a su gesti\u00f3n durante 30 a\u00f1os. La gesti\u00f3n de los lixiviados de vertedero es un gran reto de ingenier\u00eda por la gran variedad de concentraciones de componentes t\u00f3xicos y contaminantes. El lixiviado de vertedero y el digestato l\u00edquido de la fracci\u00f3n org\u00e1nica de los residuos municipales (FORM) se consideran aguas residuales (AR) y deben tratarse antes de verterlas o recuperarlas. As\u00ed pues, siempre hay que eliminar la materia org\u00e1nica y el amonio. Aunque el objetivo original del tratamiento de las aguas residuales era eliminar los contaminantes y proteger la calidad de las aguas receptoras, el escasez de recursos actual es una raz\u00f3n clave por la que habr\u00eda que transformar el tratamiento de las AR seg\u00fan los principios de la econom\u00eda circular.<\/p>\n<\/div><\/section>\n<div  class='av-social-sharing-box av-akk7s-07b2f3e16d35f1dd18a37e3e677b4915 av-social-sharing-box-default  avia-builder-el-10  el_after_av_textblock  el_before_av_layout_row  avia-builder-el-last  av-social-sharing-box-fullwidth'><div class=\"av-share-box\"><h5 class='av-share-link-description av-no-toc '>SHARE<\/h5><ul class=\"av-share-box-list noLightbox\"><li class='av-share-link av-social-link-facebook avia_social_iconfont' ><a target=\"_blank\" aria-label=\"Compartir en Facebook\" href='https:\/\/www.facebook.com\/sharer.php?u=https:\/\/lifeinfusion.eu\/es\/el-proyecto\/contexto\/&#038;t=Contexto' data-av_icon='\ue8f3' data-av_iconfont='entypo-fontello'  title='' data-avia-related-tooltip='Compartir en Facebook'><span class='avia_hidden_link_text'>Compartir en Facebook<\/span><\/a><\/li><li class='av-share-link av-social-link-twitter avia_social_iconfont' ><a target=\"_blank\" aria-label=\"Compartir en X\" href='https:\/\/twitter.com\/share?text=Contexto&#038;url=https:\/\/lifeinfusion.eu\/es\/?p=1583' data-av_icon='\ue932' data-av_iconfont='entypo-fontello'  title='' data-avia-related-tooltip='Compartir en X'><span class='avia_hidden_link_text'>Compartir en X<\/span><\/a><\/li><li class='av-share-link av-social-link-whatsapp avia_social_iconfont' ><a target=\"_blank\" aria-label=\"Compartir en WhatsApp\" href='https:\/\/api.whatsapp.com\/send?text=https:\/\/lifeinfusion.eu\/es\/el-proyecto\/contexto\/' data-av_icon='\uf232' data-av_iconfont='entypo-fontello'  title='' data-avia-related-tooltip='Compartir en WhatsApp'><span class='avia_hidden_link_text'>Compartir en WhatsApp<\/span><\/a><\/li><li class='av-share-link av-social-link-pinterest avia_social_iconfont' ><a target=\"_blank\" aria-label=\"Compartir en Pinterest\" href='https:\/\/pinterest.com\/pin\/create\/button\/?url=https%3A%2F%2Flifeinfusion.eu%2Fes%2Fel-proyecto%2Fcontexto%2F&#038;description=Contexto&#038;media=' data-av_icon='\ue8f8' data-av_iconfont='entypo-fontello'  title='' data-avia-related-tooltip='Compartir en Pinterest'><span class='avia_hidden_link_text'>Compartir en Pinterest<\/span><\/a><\/li><li class='av-share-link av-social-link-linkedin avia_social_iconfont' ><a target=\"_blank\" aria-label=\"Compartir en LinkedIn\" href='https:\/\/linkedin.com\/shareArticle?mini=true&#038;title=Contexto&#038;url=https:\/\/lifeinfusion.eu\/es\/el-proyecto\/contexto\/' data-av_icon='\ue8fc' data-av_iconfont='entypo-fontello'  title='' data-avia-related-tooltip='Compartir en LinkedIn'><span class='avia_hidden_link_text'>Compartir en LinkedIn<\/span><\/a><\/li><li class='av-share-link av-social-link-tumblr avia_social_iconfont' ><a target=\"_blank\" aria-label=\"Compartir en Tumblr\" href='https:\/\/www.tumblr.com\/share\/link?url=https%3A%2F%2Flifeinfusion.eu%2Fes%2Fel-proyecto%2Fcontexto%2F&#038;name=Contexto&#038;description=' data-av_icon='\ue8fa' data-av_iconfont='entypo-fontello'  title='' data-avia-related-tooltip='Compartir en Tumblr'><span class='avia_hidden_link_text'>Compartir en Tumblr<\/span><\/a><\/li><li class='av-share-link av-social-link-reddit avia_social_iconfont' ><a target=\"_blank\" aria-label=\"Compartir en Reddit\" href='https:\/\/reddit.com\/submit?url=https:\/\/lifeinfusion.eu\/es\/el-proyecto\/contexto\/&#038;title=Contexto' data-av_icon='\ue927' data-av_iconfont='entypo-fontello'  title='' data-avia-related-tooltip='Compartir en Reddit'><span class='avia_hidden_link_text'>Compartir en Reddit<\/span><\/a><\/li><li class='av-share-link av-social-link-mail avia_social_iconfont' ><a  aria-label=\"Compartir por correo\" href='mailto:?subject=Contexto&#038;body=https:\/\/lifeinfusion.eu\/es\/el-proyecto\/contexto\/' data-av_icon='\ue805' data-av_iconfont='entypo-fontello'  title='' data-avia-related-tooltip='Compartir por correo'><span class='avia_hidden_link_text'>Compartir por correo<\/span><\/a><\/li><\/ul><\/div><\/div>\n<\/div><\/div><\/div><!-- close content main div --><\/div><\/div><div id='av-layout-grid-1'  class='av-layout-grid-container av-kr0e9w3b-ad6e02b528195334984cfb7557cc0bdb entry-content-wrapper main_color av-flex-cells  avia-builder-el-11  el_after_av_social_share  avia-builder-el-last  grid-row-not-first  container_wrap sidebar_right'  >\n\n<style type=\"text\/css\" data-created_by=\"avia_inline_auto\" id=\"style-css-av-kr0e79db-c2c879fa64c20e5735183c3dbf6fe10d\">\n.flex_cell.av-kr0e79db-c2c879fa64c20e5735183c3dbf6fe10d{\nvertical-align:top;\nbackground-color:#878787;\n}\n.responsive #top #wrap_all .flex_cell.av-kr0e79db-c2c879fa64c20e5735183c3dbf6fe10d{\npadding:30px 30px 30px 30px !important;\n}\n<\/style>\n<div class='flex_cell av-kr0e79db-c2c879fa64c20e5735183c3dbf6fe10d av-gridrow-cell av_one_third no_margin  avia-builder-el-12  el_before_av_cell_one_third  avia-builder-el-first  content-align-top'  ><div class='flex_cell_inner'><\/div><\/div>\n<style type=\"text\/css\" data-created_by=\"avia_inline_auto\" id=\"style-css-av-kr0e7qc7-e8ee4fc017796617833d38b2fe1cde57\">\n.flex_cell.av-kr0e7qc7-e8ee4fc017796617833d38b2fe1cde57{\nvertical-align:top;\nbackground-color:#48a2c0;\n}\n.responsive #top #wrap_all .flex_cell.av-kr0e7qc7-e8ee4fc017796617833d38b2fe1cde57{\npadding:30px 30px 30px 30px !important;\n}\n<\/style>\n<div class='flex_cell av-kr0e7qc7-e8ee4fc017796617833d38b2fe1cde57 av-gridrow-cell av_one_third no_margin  avia-builder-el-13  el_after_av_cell_one_third  el_before_av_cell_one_third  content-align-top'  ><div class='flex_cell_inner'><\/div><\/div>\n<style type=\"text\/css\" data-created_by=\"avia_inline_auto\" id=\"style-css-av-kr0e88wd-fce7b3932f3ad86d5854bfedd0aed758\">\n.flex_cell.av-kr0e88wd-fce7b3932f3ad86d5854bfedd0aed758{\nvertical-align:top;\nbackground-color:#afca15;\n}\n.responsive #top #wrap_all .flex_cell.av-kr0e88wd-fce7b3932f3ad86d5854bfedd0aed758{\npadding:30px 30px 30px 30px !important;\n}\n<\/style>\n<div class='flex_cell av-kr0e88wd-fce7b3932f3ad86d5854bfedd0aed758 av-gridrow-cell av_one_third no_margin  avia-builder-el-14  el_after_av_cell_one_third  avia-builder-el-last  content-align-top'  ><div class='flex_cell_inner'><\/div><\/div>\n<\/div>\n","protected":false},"excerpt":{"rendered":"","protected":false},"author":1,"featured_media":0,"parent":1577,"menu_order":0,"comment_status":"closed","ping_status":"closed","template":"","meta":{"_monsterinsights_skip_tracking":false,"_monsterinsights_sitenote_active":false,"_monsterinsights_sitenote_note":"","_monsterinsights_sitenote_category":0,"footnotes":""},"class_list":["post-1583","page","type-page","status-publish","hentry"],"yoast_head":"<!-- This site is optimized with the Yoast SEO plugin v27.3 - https:\/\/yoast.com\/product\/yoast-seo-wordpress\/ -->\n<title>Contexto - Infusion<\/title>\n<meta name=\"robots\" content=\"index, follow, max-snippet:-1, max-image-preview:large, max-video-preview:-1\" \/>\n<link rel=\"canonical\" href=\"https:\/\/lifeinfusion.eu\/about\/infusion-context\/\" \/>\n<meta property=\"og:locale\" content=\"es_ES\" \/>\n<meta property=\"og:type\" content=\"article\" \/>\n<meta property=\"og:title\" content=\"Contexto - Infusion\" \/>\n<meta property=\"og:url\" content=\"https:\/\/lifeinfusion.eu\/about\/infusion-context\/\" \/>\n<meta property=\"og:site_name\" content=\"Infusion\" \/>\n<meta name=\"twitter:card\" content=\"summary_large_image\" \/>\n<meta name=\"twitter:label1\" content=\"Tiempo de lectura\" \/>\n\t<meta name=\"twitter:data1\" content=\"9 minutos\" \/>\n<script type=\"application\/ld+json\" class=\"yoast-schema-graph\">{\"@context\":\"https:\\\/\\\/schema.org\",\"@graph\":[{\"@type\":\"WebPage\",\"@id\":\"https:\\\/\\\/lifeinfusion.eu\\\/about\\\/infusion-context\\\/\",\"url\":\"https:\\\/\\\/lifeinfusion.eu\\\/about\\\/infusion-context\\\/\",\"name\":\"Contexto - Infusion\",\"isPartOf\":{\"@id\":\"https:\\\/\\\/lifeinfusion.eu\\\/#website\"},\"datePublished\":\"2021-08-25T08:46:05+00:00\",\"breadcrumb\":{\"@id\":\"https:\\\/\\\/lifeinfusion.eu\\\/about\\\/infusion-context\\\/#breadcrumb\"},\"inLanguage\":\"es\",\"potentialAction\":[{\"@type\":\"ReadAction\",\"target\":[\"https:\\\/\\\/lifeinfusion.eu\\\/about\\\/infusion-context\\\/\"]}]},{\"@type\":\"BreadcrumbList\",\"@id\":\"https:\\\/\\\/lifeinfusion.eu\\\/about\\\/infusion-context\\\/#breadcrumb\",\"itemListElement\":[{\"@type\":\"ListItem\",\"position\":1,\"name\":\"Home\",\"item\":\"https:\\\/\\\/lifeinfusion.eu\\\/sample-page-2\\\/\"},{\"@type\":\"ListItem\",\"position\":2,\"name\":\"El proyecto\",\"item\":\"https:\\\/\\\/lifeinfusion.eu\\\/about\\\/\"},{\"@type\":\"ListItem\",\"position\":3,\"name\":\"Contexto\"}]},{\"@type\":\"WebSite\",\"@id\":\"https:\\\/\\\/lifeinfusion.eu\\\/#website\",\"url\":\"https:\\\/\\\/lifeinfusion.eu\\\/\",\"name\":\"Infusion\",\"description\":\"Intensive treatment of waste effluents and conversion into useful sustainable outputs: biogas, nutrients and water\",\"potentialAction\":[{\"@type\":\"SearchAction\",\"target\":{\"@type\":\"EntryPoint\",\"urlTemplate\":\"https:\\\/\\\/lifeinfusion.eu\\\/?s={search_term_string}\"},\"query-input\":{\"@type\":\"PropertyValueSpecification\",\"valueRequired\":true,\"valueName\":\"search_term_string\"}}],\"inLanguage\":\"es\"}]}<\/script>\n<!-- \/ Yoast SEO plugin. -->","yoast_head_json":{"title":"Contexto - Infusion","robots":{"index":"index","follow":"follow","max-snippet":"max-snippet:-1","max-image-preview":"max-image-preview:large","max-video-preview":"max-video-preview:-1"},"canonical":"https:\/\/lifeinfusion.eu\/about\/infusion-context\/","og_locale":"es_ES","og_type":"article","og_title":"Contexto - Infusion","og_url":"https:\/\/lifeinfusion.eu\/about\/infusion-context\/","og_site_name":"Infusion","twitter_card":"summary_large_image","twitter_misc":{"Tiempo de lectura":"9 minutos"},"schema":{"@context":"https:\/\/schema.org","@graph":[{"@type":"WebPage","@id":"https:\/\/lifeinfusion.eu\/about\/infusion-context\/","url":"https:\/\/lifeinfusion.eu\/about\/infusion-context\/","name":"Contexto - Infusion","isPartOf":{"@id":"https:\/\/lifeinfusion.eu\/#website"},"datePublished":"2021-08-25T08:46:05+00:00","breadcrumb":{"@id":"https:\/\/lifeinfusion.eu\/about\/infusion-context\/#breadcrumb"},"inLanguage":"es","potentialAction":[{"@type":"ReadAction","target":["https:\/\/lifeinfusion.eu\/about\/infusion-context\/"]}]},{"@type":"BreadcrumbList","@id":"https:\/\/lifeinfusion.eu\/about\/infusion-context\/#breadcrumb","itemListElement":[{"@type":"ListItem","position":1,"name":"Home","item":"https:\/\/lifeinfusion.eu\/sample-page-2\/"},{"@type":"ListItem","position":2,"name":"El proyecto","item":"https:\/\/lifeinfusion.eu\/about\/"},{"@type":"ListItem","position":3,"name":"Contexto"}]},{"@type":"WebSite","@id":"https:\/\/lifeinfusion.eu\/#website","url":"https:\/\/lifeinfusion.eu\/","name":"Infusion","description":"Intensive treatment of waste effluents and conversion into useful sustainable outputs: biogas, nutrients and water","potentialAction":[{"@type":"SearchAction","target":{"@type":"EntryPoint","urlTemplate":"https:\/\/lifeinfusion.eu\/?s={search_term_string}"},"query-input":{"@type":"PropertyValueSpecification","valueRequired":true,"valueName":"search_term_string"}}],"inLanguage":"es"}]}},"_links":{"self":[{"href":"https:\/\/lifeinfusion.eu\/es\/wp-json\/wp\/v2\/pages\/1583","targetHints":{"allow":["GET"]}}],"collection":[{"href":"https:\/\/lifeinfusion.eu\/es\/wp-json\/wp\/v2\/pages"}],"about":[{"href":"https:\/\/lifeinfusion.eu\/es\/wp-json\/wp\/v2\/types\/page"}],"author":[{"embeddable":true,"href":"https:\/\/lifeinfusion.eu\/es\/wp-json\/wp\/v2\/users\/1"}],"replies":[{"embeddable":true,"href":"https:\/\/lifeinfusion.eu\/es\/wp-json\/wp\/v2\/comments?post=1583"}],"version-history":[{"count":3,"href":"https:\/\/lifeinfusion.eu\/es\/wp-json\/wp\/v2\/pages\/1583\/revisions"}],"predecessor-version":[{"id":1988,"href":"https:\/\/lifeinfusion.eu\/es\/wp-json\/wp\/v2\/pages\/1583\/revisions\/1988"}],"up":[{"embeddable":true,"href":"https:\/\/lifeinfusion.eu\/es\/wp-json\/wp\/v2\/pages\/1577"}],"wp:attachment":[{"href":"https:\/\/lifeinfusion.eu\/es\/wp-json\/wp\/v2\/media?parent=1583"}],"curies":[{"name":"wp","href":"https:\/\/api.w.org\/{rel}","templated":true}]}}