{"id":1589,"date":"2021-08-25T08:55:17","date_gmt":"2021-08-25T08:55:17","guid":{"rendered":"https:\/\/lifeinfusion.eu\/el-proyecto\/solucion-tecnica\/"},"modified":"2021-09-01T08:41:37","modified_gmt":"2021-09-01T08:41:37","slug":"solucion-tecnica","status":"publish","type":"page","link":"https:\/\/lifeinfusion.eu\/es\/el-proyecto\/solucion-tecnica\/","title":{"rendered":"Soluci\u00f3n t\u00e9cnica"},"content":{"rendered":"\n<style type=\"text\/css\" data-created_by=\"avia_inline_auto\" id=\"style-css-av-1mofhc-a8d9174eb4b28237ccd648d833dbf7b8\">\n.avia-section.av-1mofhc-a8d9174eb4b28237ccd648d833dbf7b8{\nbackground-color:#878787;\nbackground-image:url(https:\/\/lifeinfusion.eu\/wp-content\/uploads\/2021\/07\/BACK-copia.png);\nbackground-repeat:no-repeat;\nbackground-position:50% 50%;\nbackground-attachment:scroll;\n}\n.avia-section.av-1mofhc-a8d9174eb4b28237ccd648d833dbf7b8 .av-extra-border-element .av-extra-border-inner{\nbackground-color:#878787;\n}\n<\/style>\n<div id='av_section_1'  class='avia-section av-1mofhc-a8d9174eb4b28237ccd648d833dbf7b8 main_color avia-section-default avia-no-border-styling  avia-builder-el-0  el_before_av_submenu  avia-builder-el-first  avia-full-stretch avia-bg-style-scroll av-arrow-down-section av-minimum-height av-minimum-height-custom av-height-custom  container_wrap sidebar_right'  data-section-bg-repeat='stretch' data-av_minimum_height_px='430'><div class='container av-section-cont-open' style='height:430px'><main  role=\"main\" itemprop=\"mainContentOfPage\"  class='template-page content  av-content-small alpha units'><div class='post-entry post-entry-type-page post-entry-1589'><div class='entry-content-wrapper clearfix'>\n\n<style type=\"text\/css\" data-created_by=\"avia_inline_auto\" id=\"style-css-av-kr1t3bhn-7dfbb1fa03696c746139769223d2702b\">\n#top .av-special-heading.av-kr1t3bhn-7dfbb1fa03696c746139769223d2702b{\npadding-bottom:40px;\ncolor:#ffffff;\nfont-size:72px;\n}\nbody .av-special-heading.av-kr1t3bhn-7dfbb1fa03696c746139769223d2702b .av-special-heading-tag .heading-char{\nfont-size:25px;\n}\n#top #wrap_all .av-special-heading.av-kr1t3bhn-7dfbb1fa03696c746139769223d2702b .av-special-heading-tag{\nfont-size:72px;\n}\n.av-special-heading.av-kr1t3bhn-7dfbb1fa03696c746139769223d2702b .special-heading-inner-border{\nborder-color:#ffffff;\n}\n.av-special-heading.av-kr1t3bhn-7dfbb1fa03696c746139769223d2702b .av-subheading{\nfont-size:20px;\n}\n\n@media only screen and (max-width: 479px){ \n#top #wrap_all .av-special-heading.av-kr1t3bhn-7dfbb1fa03696c746139769223d2702b .av-special-heading-tag{\nfont-size:50px;\n}\n}\n\n@media only screen and (min-width: 480px) and (max-width: 767px){ \n#top #wrap_all .av-special-heading.av-kr1t3bhn-7dfbb1fa03696c746139769223d2702b .av-special-heading-tag{\nfont-size:0.8em;\n}\n}\n<\/style>\n<div  class='av-special-heading av-kr1t3bhn-7dfbb1fa03696c746139769223d2702b av-special-heading-h2 custom-color-heading blockquote modern-quote  avia-builder-el-1  avia-builder-el-no-sibling  av-inherit-size'><h2 class='av-special-heading-tag '  itemprop=\"headline\"  >EL PROYECTO \/ SOLUCI\u00d3N T\u00c9CNICA<\/h2><div class=\"special-heading-border\"><div class=\"special-heading-inner-border\"><\/div><\/div><\/div>\n\n<\/div><\/div><\/main><!-- close content main element --><\/div><div class='av-extra-border-element border-extra-arrow-down'><div class='av-extra-border-outer'><div class='av-extra-border-inner'><\/div><\/div><\/div><\/div><div class='clear'><\/div><div id='sub_menu1'  class='av-submenu-container av-1c8vf4-4b8332f4a2fdbf2486047e9226e7dbb2 main_color  avia-builder-el-2  el_after_av_section  el_before_av_textblock  av-sticky-submenu submenu-not-first container_wrap sidebar_right' style='z-index:301' ><div class='container av-menu-mobile-disabled av-submenu-pos-center'><ul id=\"menu-menu-the-project-spanish\" class=\"av-subnav-menu\" role=\"menu\"><li role=\"menuitem\" id=\"menu-item-1621\" class=\"menu-item menu-item-type-post_type menu-item-object-page menu-item-top-level menu-item-top-level-1\"><a href=\"https:\/\/lifeinfusion.eu\/es\/el-proyecto\/\" itemprop=\"url\" tabindex=\"0\"><span class=\"avia-bullet\"><\/span><span class=\"avia-menu-text\">El proyecto<\/span><span class=\"avia-menu-fx\"><span class=\"avia-arrow-wrap\"><span class=\"avia-arrow\"><\/span><\/span><\/span><\/a><\/li>\n<li role=\"menuitem\" id=\"menu-item-1622\" class=\"menu-item menu-item-type-post_type menu-item-object-page menu-item-top-level menu-item-top-level-2\"><a href=\"https:\/\/lifeinfusion.eu\/es\/el-proyecto\/contexto\/\" itemprop=\"url\" tabindex=\"0\"><span class=\"avia-bullet\"><\/span><span class=\"avia-menu-text\">Contexto<\/span><span class=\"avia-menu-fx\"><span class=\"avia-arrow-wrap\"><span class=\"avia-arrow\"><\/span><\/span><\/span><\/a><\/li>\n<li role=\"menuitem\" id=\"menu-item-1623\" class=\"menu-item menu-item-type-post_type menu-item-object-page menu-item-top-level menu-item-top-level-3\"><a href=\"https:\/\/lifeinfusion.eu\/es\/el-proyecto\/objetivos\/\" itemprop=\"url\" tabindex=\"0\"><span class=\"avia-bullet\"><\/span><span class=\"avia-menu-text\">Objetivos<\/span><span class=\"avia-menu-fx\"><span class=\"avia-arrow-wrap\"><span class=\"avia-arrow\"><\/span><\/span><\/span><\/a><\/li>\n<li role=\"menuitem\" id=\"menu-item-1624\" class=\"menu-item menu-item-type-post_type menu-item-object-page menu-item-top-level menu-item-top-level-4\"><a href=\"https:\/\/lifeinfusion.eu\/es\/el-proyecto\/solucion-tecnica\/\" itemprop=\"url\" tabindex=\"0\"><span class=\"avia-bullet\"><\/span><span class=\"avia-menu-text\">Soluci\u00f3n t\u00e9cnica<\/span><span class=\"avia-menu-fx\"><span class=\"avia-arrow-wrap\"><span class=\"avia-arrow\"><\/span><\/span><\/span><\/a><\/li>\n<li role=\"menuitem\" id=\"menu-item-1625\" class=\"menu-item menu-item-type-post_type menu-item-object-page menu-item-top-level menu-item-top-level-5\"><a href=\"https:\/\/lifeinfusion.eu\/es\/el-proyecto\/tecnologia\/\" itemprop=\"url\" tabindex=\"0\"><span class=\"avia-bullet\"><\/span><span class=\"avia-menu-text\">Tecnolog\u00eda<\/span><span class=\"avia-menu-fx\"><span class=\"avia-arrow-wrap\"><span class=\"avia-arrow\"><\/span><\/span><\/span><\/a><\/li>\n<li role=\"menuitem\" id=\"menu-item-1626\" class=\"menu-item menu-item-type-post_type menu-item-object-page menu-item-top-level menu-item-top-level-6\"><a href=\"https:\/\/lifeinfusion.eu\/es\/el-proyecto\/centros-de-muestra\/\" itemprop=\"url\" tabindex=\"0\"><span class=\"avia-bullet\"><\/span><span class=\"avia-menu-text\">Emplazamientos demostrativos<\/span><span class=\"avia-menu-fx\"><span class=\"avia-arrow-wrap\"><span class=\"avia-arrow\"><\/span><\/span><\/span><\/a><\/li>\n<li role=\"menuitem\" id=\"menu-item-1627\" class=\"menu-item menu-item-type-post_type menu-item-object-page menu-item-top-level menu-item-top-level-7\"><a href=\"https:\/\/lifeinfusion.eu\/es\/el-proyecto\/timeline\/\" itemprop=\"url\" tabindex=\"0\"><span class=\"avia-bullet\"><\/span><span class=\"avia-menu-text\">Timeline<\/span><span class=\"avia-menu-fx\"><span class=\"avia-arrow-wrap\"><span class=\"avia-arrow\"><\/span><\/span><\/span><\/a><\/li>\n<\/ul><\/div><\/div><div class='sticky_placeholder'><\/div><div id='after_submenu_1'  class='main_color av_default_container_wrap container_wrap sidebar_right'  ><div class='container av-section-cont-open' ><div class='template-page content  av-content-small alpha units'><div class='post-entry post-entry-type-page post-entry-1589'><div class='entry-content-wrapper clearfix'>\n\n<style type=\"text\/css\" data-created_by=\"avia_inline_auto\" id=\"style-css-av-kr1t3g6e-7a58a9e65bcbad89af0f79a6261af4be\">\n#top .av_textblock_section.av-kr1t3g6e-7a58a9e65bcbad89af0f79a6261af4be .avia_textblock{\nfont-size:16px;\n}\n<\/style>\n<section  class='av_textblock_section av-kr1t3g6e-7a58a9e65bcbad89af0f79a6261af4be '   itemscope=\"itemscope\" itemtype=\"https:\/\/schema.org\/CreativeWork\" ><div class='avia_textblock'  itemprop=\"text\" ><p align=\"JUSTIFY\"><strong>INFUSION<\/strong> pretende demostrar y validar a una escala piloto un tratamiento de depuraci\u00f3n del agua para los lixiviados de vertedero y el digestato l\u00edquido de la FORM partiendo de la econom\u00eda circular, a fin de obtener recursos (biog\u00e1s, biofertilizantes y agua regenerada). Este sistema se basar\u00e1 en un tratamiento que combina varias tecnolog\u00edas de tratamiento biol\u00f3gico y filtraci\u00f3n y se validar\u00e1 a una escala piloto en dos centros de gesti\u00f3n de residuos: Ecoparque 2, en Montcada i Reixac (Barcelona), y COGERSA, en Gij\u00f3n (Asturias).<\/p>\n<\/div><\/section>\n\n<style type=\"text\/css\" data-created_by=\"avia_inline_auto\" id=\"style-css-av-120gw-c097f5466b75f8c9f4766a30e1447655\">\n.flex_column.av-120gw-c097f5466b75f8c9f4766a30e1447655{\nborder-radius:0px 0px 0px 0px;\npadding:0px 0px 0px 0px;\n}\n<\/style>\n<div  class='flex_column av-120gw-c097f5466b75f8c9f4766a30e1447655 av_one_full  avia-builder-el-4  el_after_av_textblock  el_before_av_social_share  first flex_column_div av-zero-column-padding  column-top-margin'     ><style type=\"text\/css\" data-created_by=\"avia_inline_auto\" id=\"style-css-av-kr4ni5gs-8ae27db8695012a848de49ab18bb1c17\">\n.avia-image-container.av-kr4ni5gs-8ae27db8695012a848de49ab18bb1c17 img.avia_image{\nbox-shadow:none;\n}\n.avia-image-container.av-kr4ni5gs-8ae27db8695012a848de49ab18bb1c17 .av-image-caption-overlay-center{\ncolor:#ffffff;\n}\n<\/style>\n<div  class='avia-image-container av-kr4ni5gs-8ae27db8695012a848de49ab18bb1c17 av-styling- avia-align-center  avia-builder-el-5  avia-builder-el-no-sibling '   itemprop=\"image\" itemscope=\"itemscope\" itemtype=\"https:\/\/schema.org\/ImageObject\" ><div class=\"avia-image-container-inner\"><div class=\"avia-image-overlay-wrap\"><img decoding=\"async\" fetchpriority=\"high\" class='wp-image-2380 avia-img-lazy-loading-not-2380 avia_image ' src=\"https:\/\/lifeinfusion.eu\/wp-content\/uploads\/2021\/09\/ESP.jpg\" alt='' title='ESP'  height=\"2382\" width=\"2382\"  itemprop=\"thumbnailUrl\" srcset=\"https:\/\/lifeinfusion.eu\/wp-content\/uploads\/2021\/09\/ESP.jpg 2382w, https:\/\/lifeinfusion.eu\/wp-content\/uploads\/2021\/09\/ESP-300x300.jpg 300w, https:\/\/lifeinfusion.eu\/wp-content\/uploads\/2021\/09\/ESP-1030x1030.jpg 1030w, https:\/\/lifeinfusion.eu\/wp-content\/uploads\/2021\/09\/ESP-80x80.jpg 80w, https:\/\/lifeinfusion.eu\/wp-content\/uploads\/2021\/09\/ESP-768x768.jpg 768w, https:\/\/lifeinfusion.eu\/wp-content\/uploads\/2021\/09\/ESP-1536x1536.jpg 1536w, https:\/\/lifeinfusion.eu\/wp-content\/uploads\/2021\/09\/ESP-2048x2048.jpg 2048w, https:\/\/lifeinfusion.eu\/wp-content\/uploads\/2021\/09\/ESP-36x36.jpg 36w, https:\/\/lifeinfusion.eu\/wp-content\/uploads\/2021\/09\/ESP-180x180.jpg 180w, https:\/\/lifeinfusion.eu\/wp-content\/uploads\/2021\/09\/ESP-1500x1500.jpg 1500w, https:\/\/lifeinfusion.eu\/wp-content\/uploads\/2021\/09\/ESP-705x705.jpg 705w\" sizes=\"(max-width: 2382px) 100vw, 2382px\" \/><\/div><\/div><\/div><\/div><div  class='av-social-sharing-box av-agx34-4ed330a39fc455eb0c4a35b2029825df av-social-sharing-box-default  avia-builder-el-6  el_after_av_one_full  el_before_av_layout_row  avia-builder-el-last  av-social-sharing-box-fullwidth'><div class=\"av-share-box\"><h5 class='av-share-link-description av-no-toc '>SHARE<\/h5><ul class=\"av-share-box-list noLightbox\"><li class='av-share-link av-social-link-facebook avia_social_iconfont' ><a target=\"_blank\" aria-label=\"Compartir en Facebook\" href='https:\/\/www.facebook.com\/sharer.php?u=https:\/\/lifeinfusion.eu\/es\/el-proyecto\/solucion-tecnica\/&#038;t=Soluci%C3%B3n%20t%C3%A9cnica' data-av_icon='\ue8f3' data-av_iconfont='entypo-fontello'  title='' data-avia-related-tooltip='Compartir en Facebook'><span class='avia_hidden_link_text'>Compartir en Facebook<\/span><\/a><\/li><li class='av-share-link av-social-link-twitter avia_social_iconfont' ><a target=\"_blank\" aria-label=\"Compartir en X\" href='https:\/\/twitter.com\/share?text=Soluci%C3%B3n%20t%C3%A9cnica&#038;url=https:\/\/lifeinfusion.eu\/es\/?p=1589' data-av_icon='\ue932' data-av_iconfont='entypo-fontello'  title='' data-avia-related-tooltip='Compartir en X'><span class='avia_hidden_link_text'>Compartir en X<\/span><\/a><\/li><li class='av-share-link av-social-link-whatsapp avia_social_iconfont' ><a target=\"_blank\" aria-label=\"Compartir en WhatsApp\" href='https:\/\/api.whatsapp.com\/send?text=https:\/\/lifeinfusion.eu\/es\/el-proyecto\/solucion-tecnica\/' data-av_icon='\uf232' data-av_iconfont='entypo-fontello'  title='' data-avia-related-tooltip='Compartir en WhatsApp'><span class='avia_hidden_link_text'>Compartir en WhatsApp<\/span><\/a><\/li><li class='av-share-link av-social-link-pinterest avia_social_iconfont' ><a target=\"_blank\" aria-label=\"Compartir en Pinterest\" href='https:\/\/pinterest.com\/pin\/create\/button\/?url=https%3A%2F%2Flifeinfusion.eu%2Fes%2Fel-proyecto%2Fsolucion-tecnica%2F&#038;description=Soluci%C3%B3n%20t%C3%A9cnica&#038;media=' data-av_icon='\ue8f8' data-av_iconfont='entypo-fontello'  title='' data-avia-related-tooltip='Compartir en Pinterest'><span class='avia_hidden_link_text'>Compartir en Pinterest<\/span><\/a><\/li><li class='av-share-link av-social-link-linkedin avia_social_iconfont' ><a target=\"_blank\" aria-label=\"Compartir en LinkedIn\" href='https:\/\/linkedin.com\/shareArticle?mini=true&#038;title=Soluci%C3%B3n%20t%C3%A9cnica&#038;url=https:\/\/lifeinfusion.eu\/es\/el-proyecto\/solucion-tecnica\/' data-av_icon='\ue8fc' data-av_iconfont='entypo-fontello'  title='' data-avia-related-tooltip='Compartir en LinkedIn'><span class='avia_hidden_link_text'>Compartir en LinkedIn<\/span><\/a><\/li><li class='av-share-link av-social-link-tumblr avia_social_iconfont' ><a target=\"_blank\" aria-label=\"Compartir en Tumblr\" href='https:\/\/www.tumblr.com\/share\/link?url=https%3A%2F%2Flifeinfusion.eu%2Fes%2Fel-proyecto%2Fsolucion-tecnica%2F&#038;name=Soluci%C3%B3n%20t%C3%A9cnica&#038;description=' data-av_icon='\ue8fa' data-av_iconfont='entypo-fontello'  title='' data-avia-related-tooltip='Compartir en Tumblr'><span class='avia_hidden_link_text'>Compartir en Tumblr<\/span><\/a><\/li><li class='av-share-link av-social-link-reddit avia_social_iconfont' ><a target=\"_blank\" aria-label=\"Compartir en Reddit\" href='https:\/\/reddit.com\/submit?url=https:\/\/lifeinfusion.eu\/es\/el-proyecto\/solucion-tecnica\/&#038;title=Soluci%C3%B3n%20t%C3%A9cnica' data-av_icon='\ue927' data-av_iconfont='entypo-fontello'  title='' data-avia-related-tooltip='Compartir en Reddit'><span class='avia_hidden_link_text'>Compartir en Reddit<\/span><\/a><\/li><li class='av-share-link av-social-link-mail avia_social_iconfont' ><a  aria-label=\"Compartir por correo\" href='mailto:?subject=Soluci%C3%B3n%20t%C3%A9cnica&#038;body=https:\/\/lifeinfusion.eu\/es\/el-proyecto\/solucion-tecnica\/' data-av_icon='\ue805' data-av_iconfont='entypo-fontello'  title='' data-avia-related-tooltip='Compartir por correo'><span class='avia_hidden_link_text'>Compartir por correo<\/span><\/a><\/li><\/ul><\/div><\/div><\/p>\n<\/div><\/div><\/div><!-- close content main div --><\/div><\/div><div id='av-layout-grid-1'  class='av-layout-grid-container av-x7c1s-bd022f06dff61736291a27cf679ca2b4 entry-content-wrapper main_color av-flex-cells  avia-builder-el-7  el_after_av_social_share  avia-builder-el-last  grid-row-not-first  container_wrap sidebar_right'  >\n\n<style type=\"text\/css\" data-created_by=\"avia_inline_auto\" id=\"style-css-av-qanw0-75e3cc9a49175e633790430470a2e524\">\n.flex_cell.av-qanw0-75e3cc9a49175e633790430470a2e524{\nvertical-align:top;\nbackground-color:#878787;\n}\n.responsive #top #wrap_all .flex_cell.av-qanw0-75e3cc9a49175e633790430470a2e524{\npadding:30px 30px 30px 30px !important;\n}\n<\/style>\n<div class='flex_cell av-qanw0-75e3cc9a49175e633790430470a2e524 av-gridrow-cell av_one_third no_margin  avia-builder-el-8  el_before_av_cell_one_third  avia-builder-el-first  content-align-top'  ><div class='flex_cell_inner'><\/div><\/div>\n<style type=\"text\/css\" data-created_by=\"avia_inline_auto\" id=\"style-css-av-2a6qw-d2aa9b3ef627fcdb5911c1c0c8e2217f\">\n.flex_cell.av-2a6qw-d2aa9b3ef627fcdb5911c1c0c8e2217f{\nvertical-align:top;\nbackground-color:#48a2c0;\n}\n.responsive #top #wrap_all .flex_cell.av-2a6qw-d2aa9b3ef627fcdb5911c1c0c8e2217f{\npadding:30px 30px 30px 30px !important;\n}\n<\/style>\n<div class='flex_cell av-2a6qw-d2aa9b3ef627fcdb5911c1c0c8e2217f av-gridrow-cell av_one_third no_margin  avia-builder-el-9  el_after_av_cell_one_third  el_before_av_cell_one_third  content-align-top'  ><div class='flex_cell_inner'><\/div><\/div>\n<style type=\"text\/css\" data-created_by=\"avia_inline_auto\" id=\"style-css-av-g1ijc-a873961229e81921e3b3a12069532fc8\">\n.flex_cell.av-g1ijc-a873961229e81921e3b3a12069532fc8{\nvertical-align:top;\nbackground-color:#afca15;\n}\n.responsive #top #wrap_all .flex_cell.av-g1ijc-a873961229e81921e3b3a12069532fc8{\npadding:30px 30px 30px 30px !important;\n}\n<\/style>\n<div class='flex_cell av-g1ijc-a873961229e81921e3b3a12069532fc8 av-gridrow-cell av_one_third no_margin  avia-builder-el-10  el_after_av_cell_one_third  avia-builder-el-last  content-align-top'  ><div class='flex_cell_inner'><\/div><\/div>\n<\/div>\n","protected":false},"excerpt":{"rendered":"","protected":false},"author":1,"featured_media":0,"parent":1577,"menu_order":0,"comment_status":"closed","ping_status":"closed","template":"","meta":{"_monsterinsights_skip_tracking":false,"_monsterinsights_sitenote_active":false,"_monsterinsights_sitenote_note":"","_monsterinsights_sitenote_category":0,"footnotes":""},"class_list":["post-1589","page","type-page","status-publish","hentry"],"yoast_head":"<!-- This site is optimized with the Yoast SEO plugin v27.3 - https:\/\/yoast.com\/product\/yoast-seo-wordpress\/ -->\n<title>Soluci\u00f3n t\u00e9cnica - Infusion<\/title>\n<meta name=\"robots\" content=\"index, follow, max-snippet:-1, max-image-preview:large, max-video-preview:-1\" \/>\n<link rel=\"canonical\" href=\"https:\/\/lifeinfusion.eu\/about\/infusion-solutions\/\" \/>\n<meta property=\"og:locale\" content=\"es_ES\" \/>\n<meta property=\"og:type\" content=\"article\" \/>\n<meta property=\"og:title\" content=\"Soluci\u00f3n t\u00e9cnica - Infusion\" \/>\n<meta property=\"og:url\" content=\"https:\/\/lifeinfusion.eu\/about\/infusion-solutions\/\" \/>\n<meta property=\"og:site_name\" content=\"Infusion\" \/>\n<meta property=\"article:modified_time\" content=\"2021-09-01T08:41:37+00:00\" \/>\n<meta name=\"twitter:card\" content=\"summary_large_image\" \/>\n<meta name=\"twitter:label1\" content=\"Tiempo de lectura\" \/>\n\t<meta name=\"twitter:data1\" content=\"6 minutos\" \/>\n<script type=\"application\/ld+json\" class=\"yoast-schema-graph\">{\"@context\":\"https:\\\/\\\/schema.org\",\"@graph\":[{\"@type\":\"WebPage\",\"@id\":\"https:\\\/\\\/lifeinfusion.eu\\\/about\\\/infusion-solutions\\\/\",\"url\":\"https:\\\/\\\/lifeinfusion.eu\\\/about\\\/infusion-solutions\\\/\",\"name\":\"Soluci\u00f3n t\u00e9cnica - Infusion\",\"isPartOf\":{\"@id\":\"https:\\\/\\\/lifeinfusion.eu\\\/#website\"},\"datePublished\":\"2021-08-25T08:55:17+00:00\",\"dateModified\":\"2021-09-01T08:41:37+00:00\",\"breadcrumb\":{\"@id\":\"https:\\\/\\\/lifeinfusion.eu\\\/about\\\/infusion-solutions\\\/#breadcrumb\"},\"inLanguage\":\"es\",\"potentialAction\":[{\"@type\":\"ReadAction\",\"target\":[\"https:\\\/\\\/lifeinfusion.eu\\\/about\\\/infusion-solutions\\\/\"]}]},{\"@type\":\"BreadcrumbList\",\"@id\":\"https:\\\/\\\/lifeinfusion.eu\\\/about\\\/infusion-solutions\\\/#breadcrumb\",\"itemListElement\":[{\"@type\":\"ListItem\",\"position\":1,\"name\":\"Home\",\"item\":\"https:\\\/\\\/lifeinfusion.eu\\\/sample-page-2\\\/\"},{\"@type\":\"ListItem\",\"position\":2,\"name\":\"El proyecto\",\"item\":\"https:\\\/\\\/lifeinfusion.eu\\\/about\\\/\"},{\"@type\":\"ListItem\",\"position\":3,\"name\":\"Soluci\u00f3n t\u00e9cnica\"}]},{\"@type\":\"WebSite\",\"@id\":\"https:\\\/\\\/lifeinfusion.eu\\\/#website\",\"url\":\"https:\\\/\\\/lifeinfusion.eu\\\/\",\"name\":\"Infusion\",\"description\":\"Intensive treatment of waste effluents and conversion into useful sustainable outputs: biogas, nutrients and water\",\"potentialAction\":[{\"@type\":\"SearchAction\",\"target\":{\"@type\":\"EntryPoint\",\"urlTemplate\":\"https:\\\/\\\/lifeinfusion.eu\\\/?s={search_term_string}\"},\"query-input\":{\"@type\":\"PropertyValueSpecification\",\"valueRequired\":true,\"valueName\":\"search_term_string\"}}],\"inLanguage\":\"es\"}]}<\/script>\n<!-- \/ Yoast SEO plugin. -->","yoast_head_json":{"title":"Soluci\u00f3n t\u00e9cnica - Infusion","robots":{"index":"index","follow":"follow","max-snippet":"max-snippet:-1","max-image-preview":"max-image-preview:large","max-video-preview":"max-video-preview:-1"},"canonical":"https:\/\/lifeinfusion.eu\/about\/infusion-solutions\/","og_locale":"es_ES","og_type":"article","og_title":"Soluci\u00f3n t\u00e9cnica - Infusion","og_url":"https:\/\/lifeinfusion.eu\/about\/infusion-solutions\/","og_site_name":"Infusion","article_modified_time":"2021-09-01T08:41:37+00:00","twitter_card":"summary_large_image","twitter_misc":{"Tiempo de lectura":"6 minutos"},"schema":{"@context":"https:\/\/schema.org","@graph":[{"@type":"WebPage","@id":"https:\/\/lifeinfusion.eu\/about\/infusion-solutions\/","url":"https:\/\/lifeinfusion.eu\/about\/infusion-solutions\/","name":"Soluci\u00f3n t\u00e9cnica - Infusion","isPartOf":{"@id":"https:\/\/lifeinfusion.eu\/#website"},"datePublished":"2021-08-25T08:55:17+00:00","dateModified":"2021-09-01T08:41:37+00:00","breadcrumb":{"@id":"https:\/\/lifeinfusion.eu\/about\/infusion-solutions\/#breadcrumb"},"inLanguage":"es","potentialAction":[{"@type":"ReadAction","target":["https:\/\/lifeinfusion.eu\/about\/infusion-solutions\/"]}]},{"@type":"BreadcrumbList","@id":"https:\/\/lifeinfusion.eu\/about\/infusion-solutions\/#breadcrumb","itemListElement":[{"@type":"ListItem","position":1,"name":"Home","item":"https:\/\/lifeinfusion.eu\/sample-page-2\/"},{"@type":"ListItem","position":2,"name":"El proyecto","item":"https:\/\/lifeinfusion.eu\/about\/"},{"@type":"ListItem","position":3,"name":"Soluci\u00f3n t\u00e9cnica"}]},{"@type":"WebSite","@id":"https:\/\/lifeinfusion.eu\/#website","url":"https:\/\/lifeinfusion.eu\/","name":"Infusion","description":"Intensive treatment of waste effluents and conversion into useful sustainable outputs: biogas, nutrients and water","potentialAction":[{"@type":"SearchAction","target":{"@type":"EntryPoint","urlTemplate":"https:\/\/lifeinfusion.eu\/?s={search_term_string}"},"query-input":{"@type":"PropertyValueSpecification","valueRequired":true,"valueName":"search_term_string"}}],"inLanguage":"es"}]}},"_links":{"self":[{"href":"https:\/\/lifeinfusion.eu\/es\/wp-json\/wp\/v2\/pages\/1589","targetHints":{"allow":["GET"]}}],"collection":[{"href":"https:\/\/lifeinfusion.eu\/es\/wp-json\/wp\/v2\/pages"}],"about":[{"href":"https:\/\/lifeinfusion.eu\/es\/wp-json\/wp\/v2\/types\/page"}],"author":[{"embeddable":true,"href":"https:\/\/lifeinfusion.eu\/es\/wp-json\/wp\/v2\/users\/1"}],"replies":[{"embeddable":true,"href":"https:\/\/lifeinfusion.eu\/es\/wp-json\/wp\/v2\/comments?post=1589"}],"version-history":[{"count":6,"href":"https:\/\/lifeinfusion.eu\/es\/wp-json\/wp\/v2\/pages\/1589\/revisions"}],"predecessor-version":[{"id":2385,"href":"https:\/\/lifeinfusion.eu\/es\/wp-json\/wp\/v2\/pages\/1589\/revisions\/2385"}],"up":[{"embeddable":true,"href":"https:\/\/lifeinfusion.eu\/es\/wp-json\/wp\/v2\/pages\/1577"}],"wp:attachment":[{"href":"https:\/\/lifeinfusion.eu\/es\/wp-json\/wp\/v2\/media?parent=1589"}],"curies":[{"name":"wp","href":"https:\/\/api.w.org\/{rel}","templated":true}]}}