{"id":1649,"date":"2021-08-25T10:24:23","date_gmt":"2021-08-25T10:24:23","guid":{"rendered":"https:\/\/lifeinfusion.eu\/cookies-y-politica-de-provacidad\/"},"modified":"2021-09-09T08:39:20","modified_gmt":"2021-09-09T08:39:20","slug":"cookies-y-politica-de-provacidad","status":"publish","type":"page","link":"https:\/\/lifeinfusion.eu\/es\/cookies-y-politica-de-provacidad\/","title":{"rendered":"Cookies y pol\u00edtica de privacidad"},"content":{"rendered":"\n<style type=\"text\/css\" data-created_by=\"avia_inline_auto\" id=\"style-css-av-13qt5g-c846cc9a76cff8a52495051321bd6d85\">\n.avia-section.av-13qt5g-c846cc9a76cff8a52495051321bd6d85{\nbackground-color:#878787;\nbackground-image:url(https:\/\/lifeinfusion.eu\/wp-content\/uploads\/2021\/07\/BACK-copia.png);\nbackground-repeat:no-repeat;\nbackground-position:50% 50%;\nbackground-attachment:scroll;\n}\n.avia-section.av-13qt5g-c846cc9a76cff8a52495051321bd6d85 .av-extra-border-element .av-extra-border-inner{\nbackground-color:#878787;\n}\n<\/style>\n<div id='av_section_1'  class='avia-section av-13qt5g-c846cc9a76cff8a52495051321bd6d85 main_color avia-section-default avia-no-border-styling  avia-builder-el-0  el_before_av_textblock  avia-builder-el-first  avia-full-stretch avia-bg-style-scroll av-arrow-down-section av-minimum-height av-minimum-height-custom av-height-custom  container_wrap sidebar_right'  data-section-bg-repeat='stretch' data-av_minimum_height_px='430'><div class='container av-section-cont-open' style='height:430px'><main  role=\"main\" itemprop=\"mainContentOfPage\"  class='template-page content  av-content-small alpha units'><div class='post-entry post-entry-type-page post-entry-1649'><div class='entry-content-wrapper clearfix'>\n\n<style type=\"text\/css\" data-created_by=\"avia_inline_auto\" id=\"style-css-av-krbtimje-672a896eda3bcda545d4e10d6a660349\">\n#top .av-special-heading.av-krbtimje-672a896eda3bcda545d4e10d6a660349{\npadding-bottom:40px;\ncolor:#ffffff;\nfont-size:72px;\n}\nbody .av-special-heading.av-krbtimje-672a896eda3bcda545d4e10d6a660349 .av-special-heading-tag .heading-char{\nfont-size:25px;\n}\n#top #wrap_all .av-special-heading.av-krbtimje-672a896eda3bcda545d4e10d6a660349 .av-special-heading-tag{\nfont-size:72px;\n}\n.av-special-heading.av-krbtimje-672a896eda3bcda545d4e10d6a660349 .special-heading-inner-border{\nborder-color:#ffffff;\n}\n.av-special-heading.av-krbtimje-672a896eda3bcda545d4e10d6a660349 .av-subheading{\nfont-size:20px;\n}\n\n@media only screen and (min-width: 480px) and (max-width: 767px){ \n#top #wrap_all .av-special-heading.av-krbtimje-672a896eda3bcda545d4e10d6a660349 .av-special-heading-tag{\nfont-size:0.8em;\n}\n}\n\n@media only screen and (max-width: 479px){ \n#top #wrap_all .av-special-heading.av-krbtimje-672a896eda3bcda545d4e10d6a660349 .av-special-heading-tag{\nfont-size:0.8em;\n}\n}\n<\/style>\n<div  class='av-special-heading av-krbtimje-672a896eda3bcda545d4e10d6a660349 av-special-heading-h2 custom-color-heading blockquote modern-quote  avia-builder-el-1  avia-builder-el-no-sibling  av-inherit-size'><h2 class='av-special-heading-tag '  itemprop=\"headline\"  >COOKIES Y POLITICA DE PRIVACIDAD<\/h2><div class=\"special-heading-border\"><div class=\"special-heading-inner-border\"><\/div><\/div><\/div>\n<\/div><\/div><\/main><!-- close content main element --><\/div><div class='av-extra-border-element border-extra-arrow-down'><div class='av-extra-border-outer'><div class='av-extra-border-inner'><\/div><\/div><\/div><\/div><div id='after_section_1'  class='main_color av_default_container_wrap container_wrap sidebar_right'  ><div class='container av-section-cont-open' ><div class='template-page content  av-content-small alpha units'><div class='post-entry post-entry-type-page post-entry-1649'><div class='entry-content-wrapper clearfix'>\n<section  class='av_textblock_section av-ksofqx3l-851de35c147ffb4b5cd22189c3eb82ad '   itemscope=\"itemscope\" itemtype=\"https:\/\/schema.org\/CreativeWork\" ><div class='avia_textblock'  itemprop=\"text\" ><p><span style=\"font-size: large;\"><b>COOKIES Y POLITICA DE PRIVACIDAD<\/b><\/span><\/p>\n<p align=\"JUSTIFY\"><a href=\"http:\/\/www.lifeinfusion.eu\">www.lifeinfusion.eu<\/a> utiliza cookies propias y de terceros para permitir diferentes funcionalidades, analizar nuestros servicios y mostrarte posibilidades adicionales conforme a tus preferencias y h\u00e1bitos de navegaci\u00f3n. Puedes leer m\u00e1s en nuestra <a href=\"https:\/\/lifeinfusion.eu\/es\/cookies-y-politica-de-provacidad\/\" target=\"_blank\" rel=\"noopener\">pol\u00edtica de cookies<\/a>.<\/p>\n<p align=\"JUSTIFY\">De acuerdo con el art\u00edculo 5 de la Ley org\u00e1nica 15\/1999, de 13 de diciembre, de protecci\u00f3n de datos de car\u00e1cter personal, les informamos que sus datos personales ser\u00e1n recogidos, incorporados y tratados des del \u00c1rea Metropolitana de Barcelona (AMB).<\/p>\n<p align=\"JUSTIFY\">El \u00f3rgano responsable del fichero es la Direcci\u00f3n de Prevenci\u00f3n y Gesti\u00f3n de Residuos de l\u2019AMB, y la direcci\u00f3n donde la persona interesada puede ejercer sus derechos de acceso, rectificaci\u00f3n, cancelaci\u00f3n y oposici\u00f3n de manera presencial es C. 62, n\u00fam. 16-18, Zona Franca, 08040 Barcelona, aunque tambi\u00e9n puede utilizar el formulario de Contacto.<\/p>\n<p align=\"JUSTIFY\">Sin embargo, la aceptaci\u00f3n de estas condiciones supone el consentimiento al tratamiento de sus datos personales, para la prestaci\u00f3n de los servicios que solicite a trav\u00e9s de este portal y, si fuera preciso, para efectuar las gestiones necesarias con las administraciones o entidades p\u00fablicas que intervengan en la tramitaci\u00f3n.<\/p>\n<\/div><\/section>\n<div  class='av-social-sharing-box av-z0104-a94f53debb72423a007a8c2fc697a8e3 av-social-sharing-box-default  avia-builder-el-3  el_after_av_textblock  el_before_av_layout_row  avia-builder-el-last  av-social-sharing-box-fullwidth'><div class=\"av-share-box\"><h5 class='av-share-link-description av-no-toc '>SHARE<\/h5><ul class=\"av-share-box-list noLightbox\"><li class='av-share-link av-social-link-facebook avia_social_iconfont' ><a target=\"_blank\" aria-label=\"Compartir en Facebook\" href='https:\/\/www.facebook.com\/sharer.php?u=https:\/\/lifeinfusion.eu\/es\/cookies-y-politica-de-provacidad\/&#038;t=Cookies%20y%20pol%C3%ADtica%20de%20privacidad' data-av_icon='\ue8f3' data-av_iconfont='entypo-fontello'  title='' data-avia-related-tooltip='Compartir en Facebook'><span class='avia_hidden_link_text'>Compartir en Facebook<\/span><\/a><\/li><li class='av-share-link av-social-link-twitter avia_social_iconfont' ><a target=\"_blank\" aria-label=\"Compartir en X\" href='https:\/\/twitter.com\/share?text=Cookies%20y%20pol%C3%ADtica%20de%20privacidad&#038;url=https:\/\/lifeinfusion.eu\/es\/?p=1649' data-av_icon='\ue932' data-av_iconfont='entypo-fontello'  title='' data-avia-related-tooltip='Compartir en X'><span class='avia_hidden_link_text'>Compartir en X<\/span><\/a><\/li><li class='av-share-link av-social-link-whatsapp avia_social_iconfont' ><a target=\"_blank\" aria-label=\"Compartir en WhatsApp\" href='https:\/\/api.whatsapp.com\/send?text=https:\/\/lifeinfusion.eu\/es\/cookies-y-politica-de-provacidad\/' data-av_icon='\uf232' data-av_iconfont='entypo-fontello'  title='' data-avia-related-tooltip='Compartir en WhatsApp'><span class='avia_hidden_link_text'>Compartir en WhatsApp<\/span><\/a><\/li><li class='av-share-link av-social-link-pinterest avia_social_iconfont' ><a target=\"_blank\" aria-label=\"Compartir en Pinterest\" href='https:\/\/pinterest.com\/pin\/create\/button\/?url=https%3A%2F%2Flifeinfusion.eu%2Fes%2Fcookies-y-politica-de-provacidad%2F&#038;description=Cookies%20y%20pol%C3%ADtica%20de%20privacidad&#038;media=' data-av_icon='\ue8f8' data-av_iconfont='entypo-fontello'  title='' data-avia-related-tooltip='Compartir en Pinterest'><span class='avia_hidden_link_text'>Compartir en Pinterest<\/span><\/a><\/li><li class='av-share-link av-social-link-linkedin avia_social_iconfont' ><a target=\"_blank\" aria-label=\"Compartir en LinkedIn\" href='https:\/\/linkedin.com\/shareArticle?mini=true&#038;title=Cookies%20y%20pol%C3%ADtica%20de%20privacidad&#038;url=https:\/\/lifeinfusion.eu\/es\/cookies-y-politica-de-provacidad\/' data-av_icon='\ue8fc' data-av_iconfont='entypo-fontello'  title='' data-avia-related-tooltip='Compartir en LinkedIn'><span class='avia_hidden_link_text'>Compartir en LinkedIn<\/span><\/a><\/li><li class='av-share-link av-social-link-tumblr avia_social_iconfont' ><a target=\"_blank\" aria-label=\"Compartir en Tumblr\" href='https:\/\/www.tumblr.com\/share\/link?url=https%3A%2F%2Flifeinfusion.eu%2Fes%2Fcookies-y-politica-de-provacidad%2F&#038;name=Cookies%20y%20pol%C3%ADtica%20de%20privacidad&#038;description=' data-av_icon='\ue8fa' data-av_iconfont='entypo-fontello'  title='' data-avia-related-tooltip='Compartir en Tumblr'><span class='avia_hidden_link_text'>Compartir en Tumblr<\/span><\/a><\/li><li class='av-share-link av-social-link-reddit avia_social_iconfont' ><a target=\"_blank\" aria-label=\"Compartir en Reddit\" href='https:\/\/reddit.com\/submit?url=https:\/\/lifeinfusion.eu\/es\/cookies-y-politica-de-provacidad\/&#038;title=Cookies%20y%20pol%C3%ADtica%20de%20privacidad' data-av_icon='\ue927' data-av_iconfont='entypo-fontello'  title='' data-avia-related-tooltip='Compartir en Reddit'><span class='avia_hidden_link_text'>Compartir en Reddit<\/span><\/a><\/li><li class='av-share-link av-social-link-mail avia_social_iconfont' ><a  aria-label=\"Compartir por correo\" href='mailto:?subject=Cookies%20y%20pol%C3%ADtica%20de%20privacidad&#038;body=https:\/\/lifeinfusion.eu\/es\/cookies-y-politica-de-provacidad\/' data-av_icon='\ue805' data-av_iconfont='entypo-fontello'  title='' data-avia-related-tooltip='Compartir por correo'><span class='avia_hidden_link_text'>Compartir por correo<\/span><\/a><\/li><\/ul><\/div><\/div>\n<\/div><\/div><\/div><!-- close content main div --><\/div><\/div><div id='av-layout-grid-1'  class='av-layout-grid-container av-p6cr0-c7d21badff8dcf5e454a49f74263b9a8 entry-content-wrapper main_color av-flex-cells  avia-builder-el-4  el_after_av_social_share  avia-builder-el-last  grid-row-not-first  container_wrap sidebar_right'  >\n\n<style type=\"text\/css\" data-created_by=\"avia_inline_auto\" id=\"style-css-av-m8g90-366630556136a78569a9c03383207b10\">\n.flex_cell.av-m8g90-366630556136a78569a9c03383207b10{\nvertical-align:top;\nbackground-color:#878787;\n}\n.responsive #top #wrap_all .flex_cell.av-m8g90-366630556136a78569a9c03383207b10{\npadding:30px 30px 30px 30px !important;\n}\n<\/style>\n<div class='flex_cell av-m8g90-366630556136a78569a9c03383207b10 av-gridrow-cell av_one_third no_margin  avia-builder-el-5  el_before_av_cell_one_third  avia-builder-el-first  content-align-top'  ><div class='flex_cell_inner'><\/div><\/div>\n<style type=\"text\/css\" data-created_by=\"avia_inline_auto\" id=\"style-css-av-d1th0-35b09e5186a00347ae9af3c92a1b404c\">\n.flex_cell.av-d1th0-35b09e5186a00347ae9af3c92a1b404c{\nvertical-align:top;\nbackground-color:#48a2c0;\n}\n.responsive #top #wrap_all .flex_cell.av-d1th0-35b09e5186a00347ae9af3c92a1b404c{\npadding:30px 30px 30px 30px !important;\n}\n<\/style>\n<div class='flex_cell av-d1th0-35b09e5186a00347ae9af3c92a1b404c av-gridrow-cell av_one_third no_margin  avia-builder-el-6  el_after_av_cell_one_third  el_before_av_cell_one_third  content-align-top'  ><div class='flex_cell_inner'><\/div><\/div>\n<style type=\"text\/css\" data-created_by=\"avia_inline_auto\" id=\"style-css-av-792t8-e4143410b8bdf8453874be170f02222d\">\n.flex_cell.av-792t8-e4143410b8bdf8453874be170f02222d{\nvertical-align:top;\nbackground-color:#afca15;\n}\n.responsive #top #wrap_all .flex_cell.av-792t8-e4143410b8bdf8453874be170f02222d{\npadding:30px 30px 30px 30px !important;\n}\n<\/style>\n<div class='flex_cell av-792t8-e4143410b8bdf8453874be170f02222d av-gridrow-cell av_one_third no_margin  avia-builder-el-7  el_after_av_cell_one_third  avia-builder-el-last  content-align-top'  ><div class='flex_cell_inner'><\/div><\/div>\n<\/div>\n","protected":false},"excerpt":{"rendered":"","protected":false},"author":1,"featured_media":0,"parent":0,"menu_order":0,"comment_status":"closed","ping_status":"closed","template":"","meta":{"_monsterinsights_skip_tracking":false,"_monsterinsights_sitenote_active":false,"_monsterinsights_sitenote_note":"","_monsterinsights_sitenote_category":0,"footnotes":""},"class_list":["post-1649","page","type-page","status-publish","hentry"],"yoast_head":"<!-- This site is optimized with the Yoast SEO plugin v27.3 - https:\/\/yoast.com\/product\/yoast-seo-wordpress\/ -->\n<title>Cookies y pol\u00edtica de privacidad - Infusion<\/title>\n<meta name=\"robots\" content=\"index, follow, max-snippet:-1, max-image-preview:large, max-video-preview:-1\" \/>\n<link rel=\"canonical\" href=\"https:\/\/lifeinfusion.eu\/cookies-privacity-policy\/\" \/>\n<meta property=\"og:locale\" content=\"es_ES\" \/>\n<meta property=\"og:type\" content=\"article\" \/>\n<meta property=\"og:title\" content=\"Cookies y pol\u00edtica de privacidad - Infusion\" \/>\n<meta property=\"og:url\" content=\"https:\/\/lifeinfusion.eu\/cookies-privacity-policy\/\" \/>\n<meta property=\"og:site_name\" content=\"Infusion\" \/>\n<meta property=\"article:modified_time\" content=\"2021-09-09T08:39:20+00:00\" \/>\n<meta name=\"twitter:card\" content=\"summary_large_image\" \/>\n<meta name=\"twitter:label1\" content=\"Tiempo de lectura\" \/>\n\t<meta name=\"twitter:data1\" content=\"5 minutos\" \/>\n<script type=\"application\/ld+json\" class=\"yoast-schema-graph\">{\"@context\":\"https:\\\/\\\/schema.org\",\"@graph\":[{\"@type\":\"WebPage\",\"@id\":\"https:\\\/\\\/lifeinfusion.eu\\\/cookies-privacity-policy\\\/\",\"url\":\"https:\\\/\\\/lifeinfusion.eu\\\/cookies-privacity-policy\\\/\",\"name\":\"Cookies y pol\u00edtica de privacidad - Infusion\",\"isPartOf\":{\"@id\":\"https:\\\/\\\/lifeinfusion.eu\\\/#website\"},\"datePublished\":\"2021-08-25T10:24:23+00:00\",\"dateModified\":\"2021-09-09T08:39:20+00:00\",\"breadcrumb\":{\"@id\":\"https:\\\/\\\/lifeinfusion.eu\\\/cookies-privacity-policy\\\/#breadcrumb\"},\"inLanguage\":\"es\",\"potentialAction\":[{\"@type\":\"ReadAction\",\"target\":[\"https:\\\/\\\/lifeinfusion.eu\\\/cookies-privacity-policy\\\/\"]}]},{\"@type\":\"BreadcrumbList\",\"@id\":\"https:\\\/\\\/lifeinfusion.eu\\\/cookies-privacity-policy\\\/#breadcrumb\",\"itemListElement\":[{\"@type\":\"ListItem\",\"position\":1,\"name\":\"Home\",\"item\":\"https:\\\/\\\/lifeinfusion.eu\\\/sample-page-2\\\/\"},{\"@type\":\"ListItem\",\"position\":2,\"name\":\"Cookies y pol\u00edtica de privacidad\"}]},{\"@type\":\"WebSite\",\"@id\":\"https:\\\/\\\/lifeinfusion.eu\\\/#website\",\"url\":\"https:\\\/\\\/lifeinfusion.eu\\\/\",\"name\":\"Infusion\",\"description\":\"Intensive treatment of waste effluents and conversion into useful sustainable outputs: biogas, nutrients and water\",\"potentialAction\":[{\"@type\":\"SearchAction\",\"target\":{\"@type\":\"EntryPoint\",\"urlTemplate\":\"https:\\\/\\\/lifeinfusion.eu\\\/?s={search_term_string}\"},\"query-input\":{\"@type\":\"PropertyValueSpecification\",\"valueRequired\":true,\"valueName\":\"search_term_string\"}}],\"inLanguage\":\"es\"}]}<\/script>\n<!-- \/ Yoast SEO plugin. -->","yoast_head_json":{"title":"Cookies y pol\u00edtica de privacidad - Infusion","robots":{"index":"index","follow":"follow","max-snippet":"max-snippet:-1","max-image-preview":"max-image-preview:large","max-video-preview":"max-video-preview:-1"},"canonical":"https:\/\/lifeinfusion.eu\/cookies-privacity-policy\/","og_locale":"es_ES","og_type":"article","og_title":"Cookies y pol\u00edtica de privacidad - Infusion","og_url":"https:\/\/lifeinfusion.eu\/cookies-privacity-policy\/","og_site_name":"Infusion","article_modified_time":"2021-09-09T08:39:20+00:00","twitter_card":"summary_large_image","twitter_misc":{"Tiempo de lectura":"5 minutos"},"schema":{"@context":"https:\/\/schema.org","@graph":[{"@type":"WebPage","@id":"https:\/\/lifeinfusion.eu\/cookies-privacity-policy\/","url":"https:\/\/lifeinfusion.eu\/cookies-privacity-policy\/","name":"Cookies y pol\u00edtica de privacidad - Infusion","isPartOf":{"@id":"https:\/\/lifeinfusion.eu\/#website"},"datePublished":"2021-08-25T10:24:23+00:00","dateModified":"2021-09-09T08:39:20+00:00","breadcrumb":{"@id":"https:\/\/lifeinfusion.eu\/cookies-privacity-policy\/#breadcrumb"},"inLanguage":"es","potentialAction":[{"@type":"ReadAction","target":["https:\/\/lifeinfusion.eu\/cookies-privacity-policy\/"]}]},{"@type":"BreadcrumbList","@id":"https:\/\/lifeinfusion.eu\/cookies-privacity-policy\/#breadcrumb","itemListElement":[{"@type":"ListItem","position":1,"name":"Home","item":"https:\/\/lifeinfusion.eu\/sample-page-2\/"},{"@type":"ListItem","position":2,"name":"Cookies y pol\u00edtica de privacidad"}]},{"@type":"WebSite","@id":"https:\/\/lifeinfusion.eu\/#website","url":"https:\/\/lifeinfusion.eu\/","name":"Infusion","description":"Intensive treatment of waste effluents and conversion into useful sustainable outputs: biogas, nutrients and water","potentialAction":[{"@type":"SearchAction","target":{"@type":"EntryPoint","urlTemplate":"https:\/\/lifeinfusion.eu\/?s={search_term_string}"},"query-input":{"@type":"PropertyValueSpecification","valueRequired":true,"valueName":"search_term_string"}}],"inLanguage":"es"}]}},"_links":{"self":[{"href":"https:\/\/lifeinfusion.eu\/es\/wp-json\/wp\/v2\/pages\/1649","targetHints":{"allow":["GET"]}}],"collection":[{"href":"https:\/\/lifeinfusion.eu\/es\/wp-json\/wp\/v2\/pages"}],"about":[{"href":"https:\/\/lifeinfusion.eu\/es\/wp-json\/wp\/v2\/types\/page"}],"author":[{"embeddable":true,"href":"https:\/\/lifeinfusion.eu\/es\/wp-json\/wp\/v2\/users\/1"}],"replies":[{"embeddable":true,"href":"https:\/\/lifeinfusion.eu\/es\/wp-json\/wp\/v2\/comments?post=1649"}],"version-history":[{"count":12,"href":"https:\/\/lifeinfusion.eu\/es\/wp-json\/wp\/v2\/pages\/1649\/revisions"}],"predecessor-version":[{"id":2682,"href":"https:\/\/lifeinfusion.eu\/es\/wp-json\/wp\/v2\/pages\/1649\/revisions\/2682"}],"wp:attachment":[{"href":"https:\/\/lifeinfusion.eu\/es\/wp-json\/wp\/v2\/media?parent=1649"}],"curies":[{"name":"wp","href":"https:\/\/api.w.org\/{rel}","templated":true}]}}