{"id":2177,"date":"2021-08-30T10:54:33","date_gmt":"2021-08-30T10:54:33","guid":{"rendered":"https:\/\/lifeinfusion.eu\/cookies-privacity-policy\/"},"modified":"2021-09-09T08:38:40","modified_gmt":"2021-09-09T08:38:40","slug":"cookies-privacity-policy","status":"publish","type":"page","link":"https:\/\/lifeinfusion.eu\/it\/cookies-privacity-policy\/","title":{"rendered":"Cookie e politica sulla privacy"},"content":{"rendered":"\n<style type=\"text\/css\" data-created_by=\"avia_inline_auto\" id=\"style-css-av-13qt5g-c846cc9a76cff8a52495051321bd6d85\">\n.avia-section.av-13qt5g-c846cc9a76cff8a52495051321bd6d85{\nbackground-color:#878787;\nbackground-image:url(https:\/\/lifeinfusion.eu\/wp-content\/uploads\/2021\/07\/BACK-copia.png);\nbackground-repeat:no-repeat;\nbackground-position:50% 50%;\nbackground-attachment:scroll;\n}\n.avia-section.av-13qt5g-c846cc9a76cff8a52495051321bd6d85 .av-extra-border-element .av-extra-border-inner{\nbackground-color:#878787;\n}\n<\/style>\n<div id='av_section_1'  class='avia-section av-13qt5g-c846cc9a76cff8a52495051321bd6d85 main_color avia-section-default avia-no-border-styling  avia-builder-el-0  el_before_av_textblock  avia-builder-el-first  avia-full-stretch avia-bg-style-scroll av-arrow-down-section av-minimum-height av-minimum-height-custom av-height-custom  container_wrap sidebar_right'  data-section-bg-repeat='stretch' data-av_minimum_height_px='430'><div class='container av-section-cont-open' style='height:430px'><main  role=\"main\" itemprop=\"mainContentOfPage\"  class='template-page content  av-content-small alpha units'><div class='post-entry post-entry-type-page post-entry-2177'><div class='entry-content-wrapper clearfix'>\n\n<style type=\"text\/css\" data-created_by=\"avia_inline_auto\" id=\"style-css-av-krbtimje-c391e3f61bd3a7da86fbea0762db6336\">\n#top .av-special-heading.av-krbtimje-c391e3f61bd3a7da86fbea0762db6336{\npadding-bottom:40px;\ncolor:#ffffff;\nfont-size:72px;\n}\nbody .av-special-heading.av-krbtimje-c391e3f61bd3a7da86fbea0762db6336 .av-special-heading-tag .heading-char{\nfont-size:25px;\n}\n#top #wrap_all .av-special-heading.av-krbtimje-c391e3f61bd3a7da86fbea0762db6336 .av-special-heading-tag{\nfont-size:72px;\n}\n.av-special-heading.av-krbtimje-c391e3f61bd3a7da86fbea0762db6336 .special-heading-inner-border{\nborder-color:#ffffff;\n}\n.av-special-heading.av-krbtimje-c391e3f61bd3a7da86fbea0762db6336 .av-subheading{\nfont-size:20px;\n}\n\n@media only screen and (min-width: 480px) and (max-width: 767px){ \n#top #wrap_all .av-special-heading.av-krbtimje-c391e3f61bd3a7da86fbea0762db6336 .av-special-heading-tag{\nfont-size:0.8em;\n}\n}\n\n@media only screen and (max-width: 479px){ \n#top #wrap_all .av-special-heading.av-krbtimje-c391e3f61bd3a7da86fbea0762db6336 .av-special-heading-tag{\nfont-size:0.8em;\n}\n}\n<\/style>\n<div  class='av-special-heading av-krbtimje-c391e3f61bd3a7da86fbea0762db6336 av-special-heading-h2 custom-color-heading blockquote modern-quote  avia-builder-el-1  avia-builder-el-no-sibling  av-inherit-size'><h2 class='av-special-heading-tag '  itemprop=\"headline\"  >COOKIE E POLITICA SULLA PRIVACY<\/h2><div class=\"special-heading-border\"><div class=\"special-heading-inner-border\"><\/div><\/div><\/div>\n<\/div><\/div><\/main><!-- close content main element --><\/div><div class='av-extra-border-element border-extra-arrow-down'><div class='av-extra-border-outer'><div class='av-extra-border-inner'><\/div><\/div><\/div><\/div><div id='after_section_1'  class='main_color av_default_container_wrap container_wrap sidebar_right'  ><div class='container av-section-cont-open' ><div class='template-page content  av-content-small alpha units'><div class='post-entry post-entry-type-page post-entry-2177'><div class='entry-content-wrapper clearfix'>\n<section  class='av_textblock_section av-ksofqx3l-851de35c147ffb4b5cd22189c3eb82ad '   itemscope=\"itemscope\" itemtype=\"https:\/\/schema.org\/CreativeWork\" ><div class='avia_textblock'  itemprop=\"text\" ><p><span style=\"font-size: large;\"><span lang=\"en-GB\"><b>COOKIE E PRIVACY POLICY<\/b><\/span><\/span><\/p>\n<p align=\"JUSTIFY\"><span lang=\"it-IT\"><a href=\"http:\/\/www.lifeinfusion.eu\">www.lifeinfusion.eu<\/a> utilizza cookie propri e di terze parti per abilitare diverse funzionalit\u00e0, analizzare i nostri servizi e mostrarti ulteriori possibilit\u00e0 in base alle tue preferenze e abitudini di navigazione. Puoi leggere di pi\u00f9 nella nostra <a href=\"https:\/\/lifeinfusion.eu\/it\/cookies-privacity-policy\/\" target=\"_blank\" rel=\"noopener\">politica sui cookie.<\/a><\/span><\/p>\n<p align=\"JUSTIFY\"><span lang=\"it-IT\">In conformit\u00e0 con l&#8217;articolo 5 della Legge Organica 15\/1999, del 13 dicembre, sulla protezione dei dati personali, ti informiamo che i tuoi dati personali saranno raccolti, incorporati e trattati dall&#8217;Area Metropolitana di Barcellona (AMB).<\/span><\/p>\n<p align=\"JUSTIFY\"><span lang=\"it-IT\">L&#8217;organismo responsabile del fascicolo \u00e8 la Direzione per la prevenzione e la gestione dei rifiuti dell&#8217;AMB, e l&#8217;indirizzo presso il quale \u00e8 possibile esercitare i diritti di accesso, rettifica, cancellazione e opposizione di persona \u00e8 C. 62, n. 16-18, Zona Franca, 08040 Barcellona, \u200b\u200bma puoi anche utilizzare il modulo di contatto.<\/span><\/p>\n<p align=\"JUSTIFY\"><span lang=\"it-IT\">Tuttavia, l&#8217;accettazione delle presenti condizioni implica il consenso al trattamento dei Suoi dati personali, per l&#8217;erogazione dei servizi da Lei richiesti tramite questo portale e, se necessario, per l&#8217;espletamento degli adempimenti necessari presso le amministrazioni o gli enti pubblici coinvolti nel trattamento.<\/span><\/p>\n<\/div><\/section>\n<div  class='av-social-sharing-box av-z0104-a94f53debb72423a007a8c2fc697a8e3 av-social-sharing-box-default  avia-builder-el-3  el_after_av_textblock  el_before_av_layout_row  avia-builder-el-last  av-social-sharing-box-fullwidth'><div class=\"av-share-box\"><h5 class='av-share-link-description av-no-toc '>SHARE<\/h5><ul class=\"av-share-box-list noLightbox\"><li class='av-share-link av-social-link-facebook avia_social_iconfont' ><a target=\"_blank\" aria-label=\"Condividi su Facebook\" href='https:\/\/www.facebook.com\/sharer.php?u=https:\/\/lifeinfusion.eu\/it\/cookies-privacity-policy\/&#038;t=Cookie%20e%20politica%20sulla%20privacy' data-av_icon='\ue8f3' data-av_iconfont='entypo-fontello'  title='' data-avia-related-tooltip='Condividi su Facebook'><span class='avia_hidden_link_text'>Condividi su Facebook<\/span><\/a><\/li><li class='av-share-link av-social-link-twitter avia_social_iconfont' ><a target=\"_blank\" aria-label=\"Condividi su X\" href='https:\/\/twitter.com\/share?text=Cookie%20e%20politica%20sulla%20privacy&#038;url=https:\/\/lifeinfusion.eu\/it\/?p=2177' data-av_icon='\ue932' data-av_iconfont='entypo-fontello'  title='' data-avia-related-tooltip='Condividi su X'><span class='avia_hidden_link_text'>Condividi su X<\/span><\/a><\/li><li class='av-share-link av-social-link-whatsapp avia_social_iconfont' ><a target=\"_blank\" aria-label=\"Condividi su WhatsApp\" href='https:\/\/api.whatsapp.com\/send?text=https:\/\/lifeinfusion.eu\/it\/cookies-privacity-policy\/' data-av_icon='\uf232' data-av_iconfont='entypo-fontello'  title='' data-avia-related-tooltip='Condividi su WhatsApp'><span class='avia_hidden_link_text'>Condividi su WhatsApp<\/span><\/a><\/li><li class='av-share-link av-social-link-pinterest avia_social_iconfont' ><a target=\"_blank\" aria-label=\"Condividi su Pinterest\" href='https:\/\/pinterest.com\/pin\/create\/button\/?url=https%3A%2F%2Flifeinfusion.eu%2Fit%2Fcookies-privacity-policy%2F&#038;description=Cookie%20e%20politica%20sulla%20privacy&#038;media=' data-av_icon='\ue8f8' data-av_iconfont='entypo-fontello'  title='' data-avia-related-tooltip='Condividi su Pinterest'><span class='avia_hidden_link_text'>Condividi su Pinterest<\/span><\/a><\/li><li class='av-share-link av-social-link-linkedin avia_social_iconfont' ><a target=\"_blank\" aria-label=\"Condividi su LinkedIn\" href='https:\/\/linkedin.com\/shareArticle?mini=true&#038;title=Cookie%20e%20politica%20sulla%20privacy&#038;url=https:\/\/lifeinfusion.eu\/it\/cookies-privacity-policy\/' data-av_icon='\ue8fc' data-av_iconfont='entypo-fontello'  title='' data-avia-related-tooltip='Condividi su LinkedIn'><span class='avia_hidden_link_text'>Condividi su LinkedIn<\/span><\/a><\/li><li class='av-share-link av-social-link-tumblr avia_social_iconfont' ><a target=\"_blank\" aria-label=\"Condividi su Tumblr\" href='https:\/\/www.tumblr.com\/share\/link?url=https%3A%2F%2Flifeinfusion.eu%2Fit%2Fcookies-privacity-policy%2F&#038;name=Cookie%20e%20politica%20sulla%20privacy&#038;description=' data-av_icon='\ue8fa' data-av_iconfont='entypo-fontello'  title='' data-avia-related-tooltip='Condividi su Tumblr'><span class='avia_hidden_link_text'>Condividi su Tumblr<\/span><\/a><\/li><li class='av-share-link av-social-link-reddit avia_social_iconfont' ><a target=\"_blank\" aria-label=\"Condividi su Reddit\" href='https:\/\/reddit.com\/submit?url=https:\/\/lifeinfusion.eu\/it\/cookies-privacity-policy\/&#038;title=Cookie%20e%20politica%20sulla%20privacy' data-av_icon='\ue927' data-av_iconfont='entypo-fontello'  title='' data-avia-related-tooltip='Condividi su Reddit'><span class='avia_hidden_link_text'>Condividi su Reddit<\/span><\/a><\/li><li class='av-share-link av-social-link-mail avia_social_iconfont' ><a  aria-label=\"Condividi attraverso Mail\" href='mailto:?subject=Cookie%20e%20politica%20sulla%20privacy&#038;body=https:\/\/lifeinfusion.eu\/it\/cookies-privacity-policy\/' data-av_icon='\ue805' data-av_iconfont='entypo-fontello'  title='' data-avia-related-tooltip='Condividi attraverso Mail'><span class='avia_hidden_link_text'>Condividi attraverso Mail<\/span><\/a><\/li><\/ul><\/div><\/div>\n<\/div><\/div><\/div><!-- close content main div --><\/div><\/div><div id='av-layout-grid-1'  class='av-layout-grid-container av-p6cr0-c7d21badff8dcf5e454a49f74263b9a8 entry-content-wrapper main_color av-flex-cells  avia-builder-el-4  el_after_av_social_share  avia-builder-el-last  grid-row-not-first  container_wrap sidebar_right'  >\n\n<style type=\"text\/css\" data-created_by=\"avia_inline_auto\" id=\"style-css-av-m8g90-366630556136a78569a9c03383207b10\">\n.flex_cell.av-m8g90-366630556136a78569a9c03383207b10{\nvertical-align:top;\nbackground-color:#878787;\n}\n.responsive #top #wrap_all .flex_cell.av-m8g90-366630556136a78569a9c03383207b10{\npadding:30px 30px 30px 30px !important;\n}\n<\/style>\n<div class='flex_cell av-m8g90-366630556136a78569a9c03383207b10 av-gridrow-cell av_one_third no_margin  avia-builder-el-5  el_before_av_cell_one_third  avia-builder-el-first  content-align-top'  ><div class='flex_cell_inner'><\/div><\/div>\n<style type=\"text\/css\" data-created_by=\"avia_inline_auto\" id=\"style-css-av-d1th0-35b09e5186a00347ae9af3c92a1b404c\">\n.flex_cell.av-d1th0-35b09e5186a00347ae9af3c92a1b404c{\nvertical-align:top;\nbackground-color:#48a2c0;\n}\n.responsive #top #wrap_all .flex_cell.av-d1th0-35b09e5186a00347ae9af3c92a1b404c{\npadding:30px 30px 30px 30px !important;\n}\n<\/style>\n<div class='flex_cell av-d1th0-35b09e5186a00347ae9af3c92a1b404c av-gridrow-cell av_one_third no_margin  avia-builder-el-6  el_after_av_cell_one_third  el_before_av_cell_one_third  content-align-top'  ><div class='flex_cell_inner'><\/div><\/div>\n<style type=\"text\/css\" data-created_by=\"avia_inline_auto\" id=\"style-css-av-792t8-e4143410b8bdf8453874be170f02222d\">\n.flex_cell.av-792t8-e4143410b8bdf8453874be170f02222d{\nvertical-align:top;\nbackground-color:#afca15;\n}\n.responsive #top #wrap_all .flex_cell.av-792t8-e4143410b8bdf8453874be170f02222d{\npadding:30px 30px 30px 30px !important;\n}\n<\/style>\n<div class='flex_cell av-792t8-e4143410b8bdf8453874be170f02222d av-gridrow-cell av_one_third no_margin  avia-builder-el-7  el_after_av_cell_one_third  avia-builder-el-last  content-align-top'  ><div class='flex_cell_inner'><\/div><\/div>\n<\/div>\n","protected":false},"excerpt":{"rendered":"","protected":false},"author":1,"featured_media":0,"parent":0,"menu_order":0,"comment_status":"closed","ping_status":"closed","template":"","meta":{"_monsterinsights_skip_tracking":false,"_monsterinsights_sitenote_active":false,"_monsterinsights_sitenote_note":"","_monsterinsights_sitenote_category":0,"footnotes":""},"class_list":["post-2177","page","type-page","status-publish","hentry"],"yoast_head":"<!-- This site is optimized with the Yoast SEO plugin v27.3 - https:\/\/yoast.com\/product\/yoast-seo-wordpress\/ -->\n<title>Cookie e politica sulla privacy - Infusion<\/title>\n<meta name=\"robots\" content=\"index, follow, max-snippet:-1, max-image-preview:large, max-video-preview:-1\" \/>\n<link rel=\"canonical\" href=\"https:\/\/lifeinfusion.eu\/cookies-privacity-policy\/\" \/>\n<meta property=\"og:locale\" content=\"it_IT\" \/>\n<meta property=\"og:type\" content=\"article\" \/>\n<meta property=\"og:title\" content=\"Cookie e politica sulla privacy - Infusion\" \/>\n<meta property=\"og:url\" content=\"https:\/\/lifeinfusion.eu\/cookies-privacity-policy\/\" \/>\n<meta property=\"og:site_name\" content=\"Infusion\" \/>\n<meta property=\"article:modified_time\" content=\"2021-09-09T08:38:40+00:00\" \/>\n<meta name=\"twitter:card\" content=\"summary_large_image\" \/>\n<meta name=\"twitter:label1\" content=\"Tempo di lettura stimato\" \/>\n\t<meta name=\"twitter:data1\" content=\"4 minuti\" \/>\n<script type=\"application\/ld+json\" class=\"yoast-schema-graph\">{\"@context\":\"https:\\\/\\\/schema.org\",\"@graph\":[{\"@type\":\"WebPage\",\"@id\":\"https:\\\/\\\/lifeinfusion.eu\\\/cookies-privacity-policy\\\/\",\"url\":\"https:\\\/\\\/lifeinfusion.eu\\\/cookies-privacity-policy\\\/\",\"name\":\"Cookie e politica sulla privacy - Infusion\",\"isPartOf\":{\"@id\":\"https:\\\/\\\/lifeinfusion.eu\\\/#website\"},\"datePublished\":\"2021-08-30T10:54:33+00:00\",\"dateModified\":\"2021-09-09T08:38:40+00:00\",\"breadcrumb\":{\"@id\":\"https:\\\/\\\/lifeinfusion.eu\\\/cookies-privacity-policy\\\/#breadcrumb\"},\"inLanguage\":\"it-IT\",\"potentialAction\":[{\"@type\":\"ReadAction\",\"target\":[\"https:\\\/\\\/lifeinfusion.eu\\\/cookies-privacity-policy\\\/\"]}]},{\"@type\":\"BreadcrumbList\",\"@id\":\"https:\\\/\\\/lifeinfusion.eu\\\/cookies-privacity-policy\\\/#breadcrumb\",\"itemListElement\":[{\"@type\":\"ListItem\",\"position\":1,\"name\":\"Home\",\"item\":\"https:\\\/\\\/lifeinfusion.eu\\\/sample-page-2\\\/\"},{\"@type\":\"ListItem\",\"position\":2,\"name\":\"Cookie e politica sulla privacy\"}]},{\"@type\":\"WebSite\",\"@id\":\"https:\\\/\\\/lifeinfusion.eu\\\/#website\",\"url\":\"https:\\\/\\\/lifeinfusion.eu\\\/\",\"name\":\"Infusion\",\"description\":\"Intensive treatment of waste effluents and conversion into useful sustainable outputs: biogas, nutrients and water\",\"potentialAction\":[{\"@type\":\"SearchAction\",\"target\":{\"@type\":\"EntryPoint\",\"urlTemplate\":\"https:\\\/\\\/lifeinfusion.eu\\\/?s={search_term_string}\"},\"query-input\":{\"@type\":\"PropertyValueSpecification\",\"valueRequired\":true,\"valueName\":\"search_term_string\"}}],\"inLanguage\":\"it-IT\"}]}<\/script>\n<!-- \/ Yoast SEO plugin. -->","yoast_head_json":{"title":"Cookie e politica sulla privacy - Infusion","robots":{"index":"index","follow":"follow","max-snippet":"max-snippet:-1","max-image-preview":"max-image-preview:large","max-video-preview":"max-video-preview:-1"},"canonical":"https:\/\/lifeinfusion.eu\/cookies-privacity-policy\/","og_locale":"it_IT","og_type":"article","og_title":"Cookie e politica sulla privacy - Infusion","og_url":"https:\/\/lifeinfusion.eu\/cookies-privacity-policy\/","og_site_name":"Infusion","article_modified_time":"2021-09-09T08:38:40+00:00","twitter_card":"summary_large_image","twitter_misc":{"Tempo di lettura stimato":"4 minuti"},"schema":{"@context":"https:\/\/schema.org","@graph":[{"@type":"WebPage","@id":"https:\/\/lifeinfusion.eu\/cookies-privacity-policy\/","url":"https:\/\/lifeinfusion.eu\/cookies-privacity-policy\/","name":"Cookie e politica sulla privacy - Infusion","isPartOf":{"@id":"https:\/\/lifeinfusion.eu\/#website"},"datePublished":"2021-08-30T10:54:33+00:00","dateModified":"2021-09-09T08:38:40+00:00","breadcrumb":{"@id":"https:\/\/lifeinfusion.eu\/cookies-privacity-policy\/#breadcrumb"},"inLanguage":"it-IT","potentialAction":[{"@type":"ReadAction","target":["https:\/\/lifeinfusion.eu\/cookies-privacity-policy\/"]}]},{"@type":"BreadcrumbList","@id":"https:\/\/lifeinfusion.eu\/cookies-privacity-policy\/#breadcrumb","itemListElement":[{"@type":"ListItem","position":1,"name":"Home","item":"https:\/\/lifeinfusion.eu\/sample-page-2\/"},{"@type":"ListItem","position":2,"name":"Cookie e politica sulla privacy"}]},{"@type":"WebSite","@id":"https:\/\/lifeinfusion.eu\/#website","url":"https:\/\/lifeinfusion.eu\/","name":"Infusion","description":"Intensive treatment of waste effluents and conversion into useful sustainable outputs: biogas, nutrients and water","potentialAction":[{"@type":"SearchAction","target":{"@type":"EntryPoint","urlTemplate":"https:\/\/lifeinfusion.eu\/?s={search_term_string}"},"query-input":{"@type":"PropertyValueSpecification","valueRequired":true,"valueName":"search_term_string"}}],"inLanguage":"it-IT"}]}},"_links":{"self":[{"href":"https:\/\/lifeinfusion.eu\/it\/wp-json\/wp\/v2\/pages\/2177","targetHints":{"allow":["GET"]}}],"collection":[{"href":"https:\/\/lifeinfusion.eu\/it\/wp-json\/wp\/v2\/pages"}],"about":[{"href":"https:\/\/lifeinfusion.eu\/it\/wp-json\/wp\/v2\/types\/page"}],"author":[{"embeddable":true,"href":"https:\/\/lifeinfusion.eu\/it\/wp-json\/wp\/v2\/users\/1"}],"replies":[{"embeddable":true,"href":"https:\/\/lifeinfusion.eu\/it\/wp-json\/wp\/v2\/comments?post=2177"}],"version-history":[{"count":11,"href":"https:\/\/lifeinfusion.eu\/it\/wp-json\/wp\/v2\/pages\/2177\/revisions"}],"predecessor-version":[{"id":2680,"href":"https:\/\/lifeinfusion.eu\/it\/wp-json\/wp\/v2\/pages\/2177\/revisions\/2680"}],"wp:attachment":[{"href":"https:\/\/lifeinfusion.eu\/it\/wp-json\/wp\/v2\/media?parent=2177"}],"curies":[{"name":"wp","href":"https:\/\/api.w.org\/{rel}","templated":true}]}}